{"id":2336,"date":"2015-06-21T07:48:24","date_gmt":"2015-06-21T07:48:54","guid":{"rendered":"http:\/\/deltatrans.de\/tr\/404-not-found\/"},"modified":"2015-06-24T05:18:39","modified_gmt":"2015-06-24T03:18:39","slug":"404-not-found","status":"publish","type":"page","link":"https:\/\/deltatrans.de\/tr\/404-not-found\/","title":{"rendered":"404"},"content":{"rendered":"<div class=\"wpb-content-wrapper\"><p>[vc_row][vc_column][vc_column_text]<\/p>\n<h3>ARADI\u011eINIZ SAYFA BULUNAMADI<\/h3>\n<p>Aramam\u0131z\u0131 kullanarak ula\u015fmak istedi\u011finiz i\u00e7eri\u011fi aray\u0131n.[\/vc_column_text][vc_empty_space height=&#8221;200px&#8221;][\/vc_column][\/vc_row]<\/p>\n<\/div>","protected":false},"excerpt":{"rendered":"<p>[vc_row][vc_column][vc_column_text] ARADI\u011eINIZ SAYFA BULUNAMADI Aramam\u0131z\u0131 kullanarak ula\u015fmak istedi\u011finiz i\u00e7eri\u011fi aray\u0131n.[\/vc_column_text][vc_empty_space height=&#8221;200px&#8221;][\/vc_column][\/vc_row]<\/p>\n","protected":false},"author":1,"featured_media":0,"parent":0,"menu_order":0,"comment_status":"open","ping_status":"open","template":"","meta":{"footnotes":""},"class_list":["post-2336","page","type-page","status-publish","hentry"],"_links":{"self":[{"href":"https:\/\/deltatrans.de\/tr\/wp-json\/wp\/v2\/pages\/2336","targetHints":{"allow":["GET"]}}],"collection":[{"href":"https:\/\/deltatrans.de\/tr\/wp-json\/wp\/v2\/pages"}],"about":[{"href":"https:\/\/deltatrans.de\/tr\/wp-json\/wp\/v2\/types\/page"}],"author":[{"embeddable":true,"href":"https:\/\/deltatrans.de\/tr\/wp-json\/wp\/v2\/users\/1"}],"replies":[{"embeddable":true,"href":"https:\/\/deltatrans.de\/tr\/wp-json\/wp\/v2\/comments?post=2336"}],"version-history":[{"count":0,"href":"https:\/\/deltatrans.de\/tr\/wp-json\/wp\/v2\/pages\/2336\/revisions"}],"wp:attachment":[{"href":"https:\/\/deltatrans.de\/tr\/wp-json\/wp\/v2\/media?parent=2336"}],"curies":[{"name":"wp","href":"https:\/\/api.w.org\/{rel}","templated":true}]}}