{"id":2331,"date":"2015-06-17T05:33:24","date_gmt":"2015-06-17T03:33:24","guid":{"rendered":"http:\/\/deltatrans.de\/tr\/impressum\/"},"modified":"2023-11-02T01:15:03","modified_gmt":"2023-11-02T00:15:03","slug":"impressum-2","status":"publish","type":"page","link":"https:\/\/deltatrans.de\/tr\/impressum-2\/","title":{"rendered":"K\u00dcNYE"},"content":{"rendered":"<div class=\"wpb-content-wrapper\"><p>[vc_row bg_parallax=&#8221;off&#8221; css=&#8221;.vc_custom_1434152918098{margin-top: 0px !important;padding-top: 40px !important;}&#8221;][vc_column width=&#8221;1\/2&#8243;][vc_column_text]<\/p>\n<h3>ADRES<\/h3>\n<p>Deltatrans Logistics GmbH<br \/>\nEisenstra\u00dfe 5<br \/>\nD-34225 Baunatal<br \/>\nTel.: +49 (0) 561 948 712 0<br \/>\nFax: +49 (0) 561 948 712 10<br \/>\nMail: <a href=\"mailto:info@deltatrans.de\">info@deltatrans.de<\/a>[\/vc_column_text][vc_column_text]<\/p>\n<h3>SORUMLU<\/h3>\n<p>Genel M\u00fcd\u00fcr \u00d6mer L\u00fctf\u00fc Demirta\u015f.[\/vc_column_text][vc_column_text]<\/p>\n<h3>HANDELSREGISTER-NR<\/h3>\n<p>HRB 15188[\/vc_column_text][vc_column_text]<\/p>\n<h3>GEL\u0130R VERG\u0130S\u0130 NUMARASI<\/h3>\n<p>DE271881022[\/vc_column_text][\/vc_column][vc_column width=&#8221;1\/2&#8243;][vc_column_text]<\/p>\n<h3>D-U-N-S\u00ae NR<\/h3>\n<p>341692352[\/vc_column_text][vc_column_text]<\/p>\n<h3>DI\u015e KAYNAKLAR VE L\u0130NKLER<\/h3>\n<p>Deltatrans Logistics GmbH mevcut bilgilerin g\u00fcncelli\u011fi, do\u011frulu\u011fu, eksikli\u011fi veya kalitesi hakk\u0131nda hi\u00e7bir sorumluluk kabul etmez. \u0130llegal, hatal\u0131 veya eksik i\u00e7erikler ve \u00f6zellikle de bu tip bilgilerin kullan\u0131lmas\u0131ndan veya kullan\u0131lmamas\u0131ndan kaynaklanan hasarlar i\u00e7in sadece linki verilen sayfa sunucusu sorumludur.[\/vc_column_text][vc_column_text]<\/p>\n<h3>RES\u0130M KAYNAKLARI<\/h3>\n<p>Shutterstock.com<br \/>\nDeltatrans Logistics GmbH[\/vc_column_text][vc_column_text]<\/p>\n<h3>D\u0130ZAYN, TASARIM VE UYGULAMA<\/h3>\n<p>\u00a9 2015 KENDESIGN \u2013 Fatih Kendirli<\/p>\n<p><a href=\"http:\/\/www.kendesign.de\" target=\"_blank\" rel=\"noopener\">www.kendesign.de<\/a><br \/>\n<a href=\"mailto:info@kendesign.de\" target=\"_blank\" rel=\"noopener\">info@kendesign.de<\/a>[\/vc_column_text][\/vc_column][\/vc_row][vc_row bg_parallax=&#8221;off&#8221;][vc_column][vc_column_text]<\/p>\n<h3>KAYIT \u0130\u015eLEM\u0130<\/h3>\n<p>Bu web sitesi, Google Inc. (&#8220;Google&#8221;) \u015firketinin bir web analizi hizmeti olan Google Analytics program\u0131n\u0131 kullanmaktad\u0131r. Google Analytics, bilgisayar\u0131n\u0131za kaydedin ve web sitesinin kullan\u0131m analizinin yap\u0131lmas\u0131na olanak veren metin dosyalar\u0131 olan &#8220;\u00e7erezler&#8221; kullanmaktad\u0131r. \u00c7erezin, bu web sitesini kullanman\u0131zla ilgili olarak olu\u015fturdu\u011fu bilgiler, genelde Google&#8217;\u0131n ABD&#8217;deki sunucusuna aktar\u0131lmakta ve buraya kaydedilmektedir. Ancak IP anonimle\u015ftirme uygulamas\u0131n\u0131n bu web sitesinde etkinle\u015ftirilmesi durumunda, IP adresiniz Google taraf\u0131ndan Avrupa Birli\u011fi \u00fcyesi \u00fclkeler ya da Avrupa Ekonomik B\u00f6lgesi Anla\u015fmas\u0131&#8217;na taraf olan di\u011fer \u00fclkeler i\u00e7erisinde \u00f6nce k\u0131salt\u0131l\u0131r.<br \/>\nYaln\u0131zca istisnai durumlarda tam IP adresi Google&#8217;\u0131n ABD&#8217;deki bir sunucusuna aktar\u0131l\u0131r ve burada k\u0131salt\u0131l\u0131r. Google, bu web sitesinin i\u015fletmecisinin talimat\u0131yla, bu bilgileri web sitesini kullanma \u015feklinizi de\u011ferlendirmek, web sitesi aktiviteleri hakk\u0131nda raporlar olu\u015fturmak ve web sitesinin kullan\u0131lmas\u0131yla ve internet kullan\u0131m\u0131yla ba\u011flant\u0131l\u0131 hizmetleri web sitesi i\u015fletmecisine vermek i\u00e7in kullanacakt\u0131r. Google Analytics \u00e7er\u00e7evesinde taray\u0131c\u0131n\u0131zdan iletilen IP adresi Google&#8217;\u0131n ba\u015fka bilgileriyle birle\u015ftirilmeyecektir.<br \/>\nTaray\u0131c\u0131 yaz\u0131l\u0131m\u0131n\u0131zdaki ilgili ayar\u0131 kullanarak \u00e7erezlerin kaydedilmesini engelleyebilirsiniz; ancak bu durumda belli ko\u015fullarda bu web sitesinin t\u00fcm i\u015flevlerini tam kapsam\u0131yla kullanamayaca\u011f\u0131n\u0131za i\u015faret ederiz. Bunun \u00f6tesinde \u00e7erezler taraf\u0131ndan olu\u015fturulan ve web sitesini kullanman\u0131zla ilgili verilerin (IP adresiniz dahil) Google&#8217;a aktar\u0131lmas\u0131n\u0131 ve bu verilerin Google taraf\u0131ndan i\u015flenmesini, a\u015fa\u011f\u0131daki linkte verilen taray\u0131c\u0131 eklentisini indirerek ve kurarak engelleyebilirsiniz. http:\/\/tools.google.com\/dlpage\/gaoptout[\/vc_column_text][\/vc_column][\/vc_row]<\/p>\n<\/div>","protected":false},"excerpt":{"rendered":"<p>[vc_row bg_parallax=&#8221;off&#8221; css=&#8221;.vc_custom_1434152918098{margin-top: 0px !important;padding-top: 40px !important;}&#8221;][vc_column width=&#8221;1\/2&#8243;][vc_column_text] ADRES Deltatrans Logistics GmbH Eisenstra\u00dfe 5 D-34225 Baunatal Tel.: +49 (0) 561 948 712 0 Fax: +49 (0) 561 948 712 10 [&hellip;]<\/p>\n","protected":false},"author":1,"featured_media":0,"parent":0,"menu_order":6,"comment_status":"closed","ping_status":"closed","template":"","meta":{"footnotes":""},"class_list":["post-2331","page","type-page","status-publish","hentry"],"_links":{"self":[{"href":"https:\/\/deltatrans.de\/tr\/wp-json\/wp\/v2\/pages\/2331","targetHints":{"allow":["GET"]}}],"collection":[{"href":"https:\/\/deltatrans.de\/tr\/wp-json\/wp\/v2\/pages"}],"about":[{"href":"https:\/\/deltatrans.de\/tr\/wp-json\/wp\/v2\/types\/page"}],"author":[{"embeddable":true,"href":"https:\/\/deltatrans.de\/tr\/wp-json\/wp\/v2\/users\/1"}],"replies":[{"embeddable":true,"href":"https:\/\/deltatrans.de\/tr\/wp-json\/wp\/v2\/comments?post=2331"}],"version-history":[{"count":0,"href":"https:\/\/deltatrans.de\/tr\/wp-json\/wp\/v2\/pages\/2331\/revisions"}],"wp:attachment":[{"href":"https:\/\/deltatrans.de\/tr\/wp-json\/wp\/v2\/media?parent=2331"}],"curies":[{"name":"wp","href":"https:\/\/api.w.org\/{rel}","templated":true}]}}