{"id":2303,"date":"2015-06-13T02:35:14","date_gmt":"2015-06-13T02:35:14","guid":{"rendered":"http:\/\/deltatrans.de\/tr\/service\/gruene-logistik\/"},"modified":"2015-06-24T03:56:39","modified_gmt":"2015-06-24T01:56:39","slug":"gruene-logistik","status":"publish","type":"page","link":"https:\/\/deltatrans.de\/tr\/service\/gruene-logistik\/","title":{"rendered":"Ye\u015fil Lojistik"},"content":{"rendered":"<div class=\"wpb-content-wrapper\"><p>[vc_row css=&#8221;.vc_custom_1434152918098{margin-top: 0px !important;padding-top: 40px !important;}&#8221; bg_parallax=&#8221;off&#8221; bg_video=&#8221;off&#8221; bottom_button=&#8221;off&#8221; bottom_button_color=&#8221;#222222&#8243; row_fullwidth=&#8221;&#8221; row_vertical_center=&#8221;&#8221; row_fullheight=&#8221;&#8221; row_zero_column_space=&#8221;&#8221; bg_slider=&#8221;off&#8221; bg_slider_size=&#8221;full&#8221;][vc_column width=&#8221;1\/1&#8243;][vc_column_text]<\/p>\n<h3>Ye\u015fil Lojistik:\u00c7evreye Kar\u015f\u0131 Duyarl\u0131l\u0131\u011f\u0131m\u0131z<\/h3>\n<p>\u00c7evrenin korunmas\u0131 bizim i\u00e7in \u00f6nemli bir \u00f6ncelik.\u0130nsan ve teknoloji; iki \u00f6\u011fe de buna katk\u0131da bulunur.Amac\u0131m\u0131z ikisine de katk\u0131da bulunmak.Teknik a\u00e7\u0131dan ara\u00e7lar\u0131m\u0131z y\u00fcksek Euro 6 emisyon standartlar\u0131na uyumlu, enerji tasarrufu a\u00e7\u0131s\u0131ndan da en y\u00fcksek verimliliktedir.Avrupa kat\u0131 egzoz gaz\u0131 normlar\u0131n\u0131 yerine getirmek amac\u0131yla Adblue teknolojisi donan\u0131m\u0131na sahibiz.D\u00fczenli fren ve vites e\u011fitimleriyle m\u00fcmk\u00fcn oldu\u011funca s\u00fcr\u00fcc\u00fclerimizin verimini artt\u0131rarak, daha d\u00fc\u015f\u00fck yak\u0131t kullan\u0131m\u0131 ve karbondioksit sal\u0131n\u0131m\u0131 a\u00e7\u0131s\u0131ndan lideriz.Her \u015feyden \u00f6nce \u00e7evreyi koruma bilinci lojistik uzmanlar\u0131m\u0131z ve rota planlamac\u0131lar\u0131m\u0131z i\u00e7in bir g\u00f6revdir.En uygun rotalar\u0131 se\u00e7erek, bo\u015f dola\u015f\u0131mlardan ka\u00e7\u0131narak, maksimum y\u00fck kapasitesiyle y\u00fckleri donatarak ve ta\u015f\u0131ma anla\u015fmalar\u0131n\u0131 birle\u015ftirerek; hizmetimizin s\u00fcrd\u00fcrebilirli\u011fi ve karl\u0131l\u0131\u011f\u0131n\u0131 artt\u0131r\u0131yoruz.<\/p>\n<p>&nbsp;<\/p>\n<h3>% 100 \u00c7evresel korumas\u0131<\/h3>\n<p>Deltatrans olarak ayn\u0131 zamanda m\u00fc\u015fterilerimize DIN EN 16258 ile uyumlu bir hizmet olan Ye\u015fil Lojistik sunuyoruz.Bu uluslararas\u0131 kabul g\u00f6rm\u00fc\u015f belgenin anlam\u0131 iklim koruma giri\u015fimleri taraf\u0131ndan uluslararas\u0131 d\u00fczeyde tan\u0131nan b\u00fct\u00fcn ta\u015f\u0131ma zincirinin detayl\u0131 CO2 raporunun size verilmesidir.[\/vc_column_text][vc_separator color=&#8221;grey&#8221; align=&#8221;align_center&#8221; style=&#8221;dotted&#8221;][\/vc_column][\/vc_row][vc_row][vc_column width=&#8221;1\/3&#8243;]<div id=\"tile-with-icon_icon3226\" class=\"title-with-icon-wrapper clear xxlarge \" data-color=\"\"><div class=\"wpb_content_element title-with-icon clearfix top-style\"><span  style=\"color:#dd9933 !important;background-color: !important;\" class=\"oic-world clear xxlarge \" ><\/span><h4 class=\"content-color\" style=\"\">S\u00dcRD\u00dcR\u00dcLEB\u0130L\u0130R<\/h4><\/div><\/div>[\/vc_column][vc_column width=&#8221;1\/3&#8243;]<div id=\"tile-with-icon_icon8395\" class=\"title-with-icon-wrapper clear xxlarge \" data-color=\"\"><div class=\"wpb_content_element title-with-icon clearfix top-style\"><span  style=\"color:#dd9933 !important;background-color: !important;\" class=\"oic-euro clear xxlarge \" ><\/span><h4 class=\"content-color\" style=\"\">HESAPLI<\/h4><\/div><\/div>[\/vc_column][vc_column width=&#8221;1\/3&#8243;]<div id=\"tile-with-icon_icon9353\" class=\"title-with-icon-wrapper clear xxlarge \" data-color=\"\"><div class=\"wpb_content_element title-with-icon clearfix top-style\"><span  style=\"color:#dd9933 !important;background-color: !important;\" class=\"oic-trees clear xxlarge \" ><\/span><h4 class=\"content-color\" style=\"\">\u00c7EVRE DOSTU<\/h4><\/div><\/div>[\/vc_column][\/vc_row]<\/p>\n<\/div>","protected":false},"excerpt":{"rendered":"<p>[vc_row css=&#8221;.vc_custom_1434152918098{margin-top: 0px !important;padding-top: 40px !important;}&#8221; bg_parallax=&#8221;off&#8221; bg_video=&#8221;off&#8221; bottom_button=&#8221;off&#8221; bottom_button_color=&#8221;#222222&#8243; row_fullwidth=&#8221;&#8221; row_vertical_center=&#8221;&#8221; row_fullheight=&#8221;&#8221; row_zero_column_space=&#8221;&#8221; bg_slider=&#8221;off&#8221; bg_slider_size=&#8221;full&#8221;][vc_column width=&#8221;1\/1&#8243;][vc_column_text] Ye\u015fil Lojistik:\u00c7evreye Kar\u015f\u0131 Duyarl\u0131l\u0131\u011f\u0131m\u0131z \u00c7evrenin korunmas\u0131 bizim i\u00e7in \u00f6nemli bir \u00f6ncelik.\u0130nsan ve teknoloji; [&hellip;]<\/p>\n","protected":false},"author":1,"featured_media":0,"parent":2292,"menu_order":2,"comment_status":"closed","ping_status":"closed","template":"","meta":{"footnotes":""},"class_list":["post-2303","page","type-page","status-publish","hentry"],"_links":{"self":[{"href":"https:\/\/deltatrans.de\/tr\/wp-json\/wp\/v2\/pages\/2303","targetHints":{"allow":["GET"]}}],"collection":[{"href":"https:\/\/deltatrans.de\/tr\/wp-json\/wp\/v2\/pages"}],"about":[{"href":"https:\/\/deltatrans.de\/tr\/wp-json\/wp\/v2\/types\/page"}],"author":[{"embeddable":true,"href":"https:\/\/deltatrans.de\/tr\/wp-json\/wp\/v2\/users\/1"}],"replies":[{"embeddable":true,"href":"https:\/\/deltatrans.de\/tr\/wp-json\/wp\/v2\/comments?post=2303"}],"version-history":[{"count":0,"href":"https:\/\/deltatrans.de\/tr\/wp-json\/wp\/v2\/pages\/2303\/revisions"}],"up":[{"embeddable":true,"href":"https:\/\/deltatrans.de\/tr\/wp-json\/wp\/v2\/pages\/2292"}],"wp:attachment":[{"href":"https:\/\/deltatrans.de\/tr\/wp-json\/wp\/v2\/media?parent=2303"}],"curies":[{"name":"wp","href":"https:\/\/api.w.org\/{rel}","templated":true}]}}