{"id":2296,"date":"2015-06-13T02:13:06","date_gmt":"2015-06-13T02:13:06","guid":{"rendered":"http:\/\/deltatrans.de\/tr\/service\/tracking\/"},"modified":"2015-06-24T03:49:31","modified_gmt":"2015-06-24T01:49:31","slug":"tracking","status":"publish","type":"page","link":"https:\/\/deltatrans.de\/tr\/service\/tracking\/","title":{"rendered":"G\u00f6nderi Takip Sistemi"},"content":{"rendered":"<div class=\"wpb-content-wrapper\"><p>[vc_row css=&#8221;.vc_custom_1434152918098{margin-top: 0px !important;padding-top: 40px !important;}&#8221; bg_parallax=&#8221;off&#8221; bg_video=&#8221;off&#8221; bottom_button=&#8221;off&#8221; bottom_button_color=&#8221;#222222&#8243; row_fullwidth=&#8221;&#8221; row_vertical_center=&#8221;&#8221; row_fullheight=&#8221;&#8221; row_zero_column_space=&#8221;&#8221; bg_slider=&#8221;off&#8221; bg_slider_size=&#8221;full&#8221;][vc_column width=&#8221;1\/1&#8243;][vc_column_text]<\/p>\n<h3>G\u00f6nderi Takip Sistemi: \u015eeffaf Ula\u015f\u0131m<\/h3>\n<p>\u0130zleme sistemimiz sayesinde sevkiyat\u0131n\u0131z daima g\u00f6r\u00fcn\u00fcrdedir.B\u00fct\u00fcn yolculuk boyunca takibinizi, mal veya \u00fcr\u00fcn\u00fcn ama\u00e7lanan hedefe varma s\u00fcrecini takip edebilirsiniz.[\/vc_column_text][\/vc_column][\/vc_row][vc_row full_width=&#8221;&#8221; parallax=&#8221;&#8221; parallax_image=&#8221;&#8221; row_fullwidth=&#8221;&#8221; row_vertical_center=&#8221;&#8221; row_fullheight=&#8221;&#8221; row_zero_column_space=&#8221;&#8221; bg_parallax=&#8221;off&#8221; bg_scroll=&#8221;&#8221; bg_slider=&#8221;off&#8221; bg_slider_size=&#8221;full&#8221; bg_video=&#8221;off&#8221; bottom_button=&#8221;off&#8221; bottom_button_color=&#8221;#222222&#8243;][vc_column width=&#8221;1\/1&#8243;][\/vc_column][\/vc_row]<\/p>\n<\/div>","protected":false},"excerpt":{"rendered":"<p>[vc_row css=&#8221;.vc_custom_1434152918098{margin-top: 0px !important;padding-top: 40px !important;}&#8221; bg_parallax=&#8221;off&#8221; bg_video=&#8221;off&#8221; bottom_button=&#8221;off&#8221; bottom_button_color=&#8221;#222222&#8243; row_fullwidth=&#8221;&#8221; row_vertical_center=&#8221;&#8221; row_fullheight=&#8221;&#8221; row_zero_column_space=&#8221;&#8221; bg_slider=&#8221;off&#8221; bg_slider_size=&#8221;full&#8221;][vc_column width=&#8221;1\/1&#8243;][vc_column_text] G\u00f6nderi Takip Sistemi: \u015eeffaf Ula\u015f\u0131m \u0130zleme sistemimiz sayesinde sevkiyat\u0131n\u0131z daima g\u00f6r\u00fcn\u00fcrdedir.B\u00fct\u00fcn yolculuk boyunca [&hellip;]<\/p>\n","protected":false},"author":1,"featured_media":0,"parent":2292,"menu_order":1,"comment_status":"closed","ping_status":"closed","template":"","meta":{"footnotes":""},"class_list":["post-2296","page","type-page","status-publish","hentry"],"_links":{"self":[{"href":"https:\/\/deltatrans.de\/tr\/wp-json\/wp\/v2\/pages\/2296","targetHints":{"allow":["GET"]}}],"collection":[{"href":"https:\/\/deltatrans.de\/tr\/wp-json\/wp\/v2\/pages"}],"about":[{"href":"https:\/\/deltatrans.de\/tr\/wp-json\/wp\/v2\/types\/page"}],"author":[{"embeddable":true,"href":"https:\/\/deltatrans.de\/tr\/wp-json\/wp\/v2\/users\/1"}],"replies":[{"embeddable":true,"href":"https:\/\/deltatrans.de\/tr\/wp-json\/wp\/v2\/comments?post=2296"}],"version-history":[{"count":0,"href":"https:\/\/deltatrans.de\/tr\/wp-json\/wp\/v2\/pages\/2296\/revisions"}],"up":[{"embeddable":true,"href":"https:\/\/deltatrans.de\/tr\/wp-json\/wp\/v2\/pages\/2292"}],"wp:attachment":[{"href":"https:\/\/deltatrans.de\/tr\/wp-json\/wp\/v2\/media?parent=2296"}],"curies":[{"name":"wp","href":"https:\/\/api.w.org\/{rel}","templated":true}]}}