{"id":2285,"date":"2015-06-13T01:27:24","date_gmt":"2015-06-13T01:27:24","guid":{"rendered":"http:\/\/deltatrans.de\/tr\/logistik\/kommissionierung\/"},"modified":"2015-06-24T03:46:04","modified_gmt":"2015-06-24T01:46:04","slug":"kommissionierung","status":"publish","type":"page","link":"https:\/\/deltatrans.de\/tr\/logistik\/kommissionierung\/","title":{"rendered":"Elle\u00e7leme ve Konsolidasyon"},"content":{"rendered":"<div class=\"wpb-content-wrapper\"><p>[vc_row css=&#8221;.vc_custom_1434152918098{margin-top: 0px !important;padding-top: 40px !important;}&#8221; bg_parallax=&#8221;off&#8221; bg_video=&#8221;off&#8221; bottom_button=&#8221;off&#8221; bottom_button_color=&#8221;#222222&#8243; row_fullwidth=&#8221;&#8221; row_vertical_center=&#8221;&#8221; row_fullheight=&#8221;&#8221; row_zero_column_space=&#8221;&#8221; bg_slider=&#8221;off&#8221; bg_slider_size=&#8221;full&#8221;][vc_column width=&#8221;1\/1&#8243;][vc_column_text]<\/p>\n<h3>Elle\u00e7leme ve Konsolidasyon: Zamandan tasarruf<\/h3>\n<p>Zamandan tasarruf demek, Deltatrans&#8217;la \u00e7al\u0131\u015fmak demektir. Kendi alan\u0131nda gerekli t\u00fcm donan\u0131mlara sahip olan uzman depo personelimiz ve teknik bilgi, etiketleme, kalite kontrol standartlar\u0131m\u0131zla sizin mallar\u0131n\u0131z\u0131 y\u00f6netiyoruz.Her sipari\u015finizi h\u0131zl\u0131 ve sorunsuz bir \u015fekilde yerine getiriyoruz.[\/vc_column_text][\/vc_column][\/vc_row][vc_row full_width=&#8221;&#8221; parallax=&#8221;&#8221; parallax_image=&#8221;&#8221; row_fullwidth=&#8221;&#8221; row_vertical_center=&#8221;&#8221; row_fullheight=&#8221;&#8221; row_zero_column_space=&#8221;&#8221; bg_parallax=&#8221;off&#8221; bg_scroll=&#8221;&#8221; bg_slider=&#8221;off&#8221; bg_slider_size=&#8221;full&#8221; bg_video=&#8221;off&#8221; bottom_button=&#8221;off&#8221; bottom_button_color=&#8221;#222222&#8243;][vc_column width=&#8221;1\/2&#8243;][vc_single_image image=&#8221;1882&#8243; border_color=&#8221;grey&#8221; img_link_large=&#8221;yes&#8221; img_link_target=&#8221;_self&#8221; lightbox=&#8221;yes&#8221; zoom_on_hover=&#8221;yes&#8221; img_animated=&#8221;no&#8221; img_infinite=&#8221;no&#8221; img_animation=&#8221;flash&#8221; img_size=&#8221;full&#8221;][\/vc_column][vc_column width=&#8221;1\/2&#8243;][vc_single_image image=&#8221;1883&#8243; border_color=&#8221;grey&#8221; img_link_large=&#8221;yes&#8221; img_link_target=&#8221;_self&#8221; lightbox=&#8221;yes&#8221; zoom_on_hover=&#8221;yes&#8221; img_animated=&#8221;no&#8221; img_infinite=&#8221;no&#8221; img_animation=&#8221;flash&#8221; img_size=&#8221;full&#8221;][\/vc_column][\/vc_row][vc_row full_width=&#8221;&#8221; parallax=&#8221;&#8221; parallax_image=&#8221;&#8221; row_fullwidth=&#8221;&#8221; row_vertical_center=&#8221;&#8221; row_fullheight=&#8221;&#8221; row_zero_column_space=&#8221;&#8221; bg_parallax=&#8221;off&#8221; bg_scroll=&#8221;&#8221; bg_slider=&#8221;off&#8221; bg_slider_size=&#8221;full&#8221; bg_video=&#8221;off&#8221; bottom_button=&#8221;off&#8221; bottom_button_color=&#8221;#222222&#8243;][vc_column width=&#8221;1\/1&#8243;]<ul class=\"ozy-custom-list wpb_content_element \">\n\n<li><span class=\"oic oic-arrow-right-1\" style=\"color:#312783\"><\/span><span>Elle\u00e7leme ve Konsolidasyom<\/span><\/li>\n<li><span class=\"oic oic-arrow-right-1\" style=\"color:#312783\"><\/span><span>Etiketleme, yeniden etiketleme, imzalama<\/span><\/li>\n<li><span class=\"oic oic-arrow-right-1\" style=\"color:#312783\"><\/span><span>Paketleme<\/span><\/li>\n<li><span class=\"oic oic-arrow-right-1\" style=\"color:#312783\"><\/span><span>Kalite Kontrol<\/span><\/li>\n\n<\/ul>[vc_separator color=&#8221;grey&#8221; align=&#8221;align_center&#8221; style=&#8221;dotted&#8221;][\/vc_column][\/vc_row][vc_row][vc_column width=&#8221;1\/3&#8243;]<div id=\"tile-with-icon_icon5668\" class=\"title-with-icon-wrapper clear xxlarge \" data-color=\"\"><div class=\"wpb_content_element title-with-icon clearfix top-style\"><span  style=\"color:#ee7202 !important;background-color: !important;\" class=\"oic-hourglass clear xxlarge \" ><\/span><h4 class=\"content-color\" style=\"\">HIZLI<\/h4><\/div><\/div>[\/vc_column][vc_column width=&#8221;1\/3&#8243;]<div id=\"tile-with-icon_icon924\" class=\"title-with-icon-wrapper clear xxlarge \" data-color=\"\"><div class=\"wpb_content_element title-with-icon clearfix top-style\"><span  style=\"color:#ee7202 !important;background-color: !important;\" class=\"oic-flaticon1-protection3 clear xxlarge \" ><\/span><h4 class=\"content-color\" style=\"\">G\u00dcVEN\u0130L\u0130R<\/h4><\/div><\/div>[\/vc_column][vc_column width=&#8221;1\/3&#8243;]<div id=\"tile-with-icon_icon696\" class=\"title-with-icon-wrapper clear xxlarge \" data-color=\"\"><div class=\"wpb_content_element title-with-icon clearfix top-style\"><span  style=\"color:#ee7202 !important;background-color: !important;\" class=\"oic-flaticon2-approved clear xxlarge \" ><\/span><h4 class=\"content-color\" style=\"\">UZMAN<\/h4><\/div><\/div>[\/vc_column][\/vc_row]<\/p>\n<\/div>","protected":false},"excerpt":{"rendered":"<p>[vc_row css=&#8221;.vc_custom_1434152918098{margin-top: 0px !important;padding-top: 40px !important;}&#8221; bg_parallax=&#8221;off&#8221; bg_video=&#8221;off&#8221; bottom_button=&#8221;off&#8221; bottom_button_color=&#8221;#222222&#8243; row_fullwidth=&#8221;&#8221; row_vertical_center=&#8221;&#8221; row_fullheight=&#8221;&#8221; row_zero_column_space=&#8221;&#8221; bg_slider=&#8221;off&#8221; bg_slider_size=&#8221;full&#8221;][vc_column width=&#8221;1\/1&#8243;][vc_column_text] Elle\u00e7leme ve Konsolidasyon: Zamandan tasarruf Zamandan tasarruf demek, Deltatrans&#8217;la \u00e7al\u0131\u015fmak demektir. Kendi alan\u0131nda [&hellip;]<\/p>\n","protected":false},"author":1,"featured_media":0,"parent":2226,"menu_order":5,"comment_status":"closed","ping_status":"closed","template":"","meta":{"footnotes":""},"class_list":["post-2285","page","type-page","status-publish","hentry"],"_links":{"self":[{"href":"https:\/\/deltatrans.de\/tr\/wp-json\/wp\/v2\/pages\/2285","targetHints":{"allow":["GET"]}}],"collection":[{"href":"https:\/\/deltatrans.de\/tr\/wp-json\/wp\/v2\/pages"}],"about":[{"href":"https:\/\/deltatrans.de\/tr\/wp-json\/wp\/v2\/types\/page"}],"author":[{"embeddable":true,"href":"https:\/\/deltatrans.de\/tr\/wp-json\/wp\/v2\/users\/1"}],"replies":[{"embeddable":true,"href":"https:\/\/deltatrans.de\/tr\/wp-json\/wp\/v2\/comments?post=2285"}],"version-history":[{"count":0,"href":"https:\/\/deltatrans.de\/tr\/wp-json\/wp\/v2\/pages\/2285\/revisions"}],"up":[{"embeddable":true,"href":"https:\/\/deltatrans.de\/tr\/wp-json\/wp\/v2\/pages\/2226"}],"wp:attachment":[{"href":"https:\/\/deltatrans.de\/tr\/wp-json\/wp\/v2\/media?parent=2285"}],"curies":[{"name":"wp","href":"https:\/\/api.w.org\/{rel}","templated":true}]}}