{"id":2262,"date":"2015-06-13T01:13:41","date_gmt":"2015-06-13T01:13:41","guid":{"rendered":"http:\/\/deltatrans.de\/tr\/logistik\/behaeltermanagement\/"},"modified":"2015-06-24T03:38:49","modified_gmt":"2015-06-24T01:38:49","slug":"behaeltermanagement","status":"publish","type":"page","link":"https:\/\/deltatrans.de\/tr\/logistik\/behaeltermanagement\/","title":{"rendered":"Bo\u015f kasa Y\u00f6netimi"},"content":{"rendered":"<div class=\"wpb-content-wrapper\"><p>[vc_row css=&#8221;.vc_custom_1434152918098{margin-top: 0px !important;padding-top: 40px !important;}&#8221; bg_parallax=&#8221;off&#8221; bg_video=&#8221;off&#8221; bottom_button=&#8221;off&#8221; bottom_button_color=&#8221;#222222&#8243; row_fullwidth=&#8221;&#8221; row_vertical_center=&#8221;&#8221; row_fullheight=&#8221;&#8221; row_zero_column_space=&#8221;&#8221; bg_slider=&#8221;off&#8221; bg_slider_size=&#8221;full&#8221;][vc_column width=&#8221;1\/1&#8243;][vc_column_text css=&#8221;.vc_custom_1435109826294{margin-bottom: 0px !important;padding-bottom: 0px !important;}&#8221;]<\/p>\n<h3>Bo\u015f kasa Y\u00f6netimi: Paletlerin ve Kutular\u0131n Kontrol\u00fc<\/h3>\n<p>Mallar ta\u015f\u0131n\u0131rken, b\u00fct\u00fcn palet ve kutular an\u0131nda ula\u015f\u0131labilir olmal\u0131d\u0131rlar. \u0130deal durum, \u00fcretim de\u011fi\u015fse bile, ayn\u0131 miktarda bo\u015f ve dolu alan elde edebilmektir.Bunun yan\u0131nda ara depolama, tek y\u00f6nl\u00fc ta\u015f\u0131ma veya \u00f6zel yolculuklarda kaynaklanan kesintilerde olabilir.Servis sa\u011flay\u0131c\u0131s\u0131 olarak, bo\u015f kasalar\u0131n planlanmas\u0131 konusunda aktif rol al\u0131yoruz.Lojistik sistemimiz, bo\u015f kasalar\u0131n yeri, stoklar\u0131 konusunda kontrol etme ve gerekti\u011finde bo\u015f kasalar\u0131n her t\u00fcrl\u00fc bak\u0131m gereksinimleri konusunda bizi bilgilendirir.[\/vc_column_text][vc_row_inner][vc_column_inner el_class=&#8221;&#8221; width=&#8221;1\/2&#8243;][vc_column_text css=&#8221;.vc_custom_1435109836883{margin-top: 0px !important;padding-top: 0px !important;}&#8221;]M\u00fcmk\u00fcn oldu\u011funca, ara\u00e7lar\u0131m\u0131z\u0131 g\u00fcvenli ve h\u0131zl\u0131 ta\u015f\u0131mac\u0131l\u0131k yapma ad\u0131na ful kapasite hizmet verdirerek maliyet kazanc\u0131 noktas\u0131nda avantajlar sa\u011fl\u0131yoruz.Y\u00fcksek rafl\u0131 depolama i\u00e7in kafes kasalar\u0131 ve di\u011fer kasalar\u0131, m\u00fc\u015fterilerimize \u00f6zel metal bo\u015f kasa ile her t\u00fcrl\u00fc istek depolama faaliyetleri ile sizlere bo\u015f kasa y\u00f6netimi servisimizi sunuyoruz.[\/vc_column_text][\/vc_column_inner][vc_column_inner el_class=&#8221;&#8221; width=&#8221;1\/2&#8243;][vc_single_image image=&#8221;1875&#8243; border_color=&#8221;grey&#8221; img_link_large=&#8221;&#8221; img_link_target=&#8221;_self&#8221; lightbox=&#8221;no&#8221; zoom_on_hover=&#8221;no&#8221; img_animated=&#8221;no&#8221; img_infinite=&#8221;no&#8221; img_animation=&#8221;flash&#8221; img_size=&#8221;full&#8221; css=&#8221;.vc_custom_1434851883868{margin-bottom: 0px !important;padding-bottom: 0px !important;}&#8221;][\/vc_column_inner][\/vc_row_inner][\/vc_column][\/vc_row][vc_row full_width=&#8221;&#8221; parallax=&#8221;&#8221; parallax_image=&#8221;&#8221; row_fullwidth=&#8221;&#8221; row_vertical_center=&#8221;&#8221; row_fullheight=&#8221;&#8221; row_zero_column_space=&#8221;&#8221; bg_parallax=&#8221;off&#8221; bg_scroll=&#8221;&#8221; bg_slider=&#8221;off&#8221; bg_slider_size=&#8221;full&#8221; bg_video=&#8221;off&#8221; bottom_button=&#8221;off&#8221; bottom_button_color=&#8221;#222222&#8243;][vc_column width=&#8221;1\/1&#8243;]<ul class=\"ozy-custom-list wpb_content_element \">\n\n<li><span class=\"oic oic-arrow-right-1\" style=\"color:#312783\"><\/span><span>Bo\u015f kasa y\u00f6netimi<\/span><\/li>\n<li><span class=\"oic oic-arrow-right-1\" style=\"color:#312783\"><\/span><span>Di\u011fer kasa y\u00f6netimi<\/span><\/li>\n<li><span class=\"oic oic-arrow-right-1\" style=\"color:#312783\"><\/span><span>Bo\u015f kasa temizleme<\/span><\/li>\n<li><span class=\"oic oic-arrow-right-1\" style=\"color:#312783\"><\/span><span>Bo\u015f kasa Kurutma<\/span><\/li>\n<li><span class=\"oic oic-arrow-right-1\" style=\"color:#312783\"><\/span><span>Bo\u015f kasa tamiri<\/span><\/li>\n\n<\/ul>[vc_separator color=&#8221;grey&#8221; align=&#8221;align_center&#8221; style=&#8221;dotted&#8221;][\/vc_column][\/vc_row][vc_row][vc_column width=&#8221;1\/3&#8243;]<div id=\"tile-with-icon_icon7895\" class=\"title-with-icon-wrapper clear xxlarge \" data-color=\"\"><div class=\"wpb_content_element title-with-icon clearfix top-style\"><span  style=\"color:#ee7202 !important;background-color: !important;\" class=\"oic-box-1 clear xxlarge \" ><\/span><h4 class=\"content-color\" style=\"\">KUTULAR<\/h4><\/div><\/div>[\/vc_column][vc_column width=&#8221;1\/3&#8243;]<div id=\"tile-with-icon_icon1412\" class=\"title-with-icon-wrapper clear xxlarge \" data-color=\"\"><div class=\"wpb_content_element title-with-icon clearfix top-style\"><span  style=\"color:#ee7202 !important;background-color: !important;\" class=\"oic-list-1 clear xxlarge \" ><\/span><h4 class=\"content-color\" style=\"\">PALETLER<\/h4><\/div><\/div>[\/vc_column][vc_column width=&#8221;1\/3&#8243;]<div id=\"tile-with-icon_icon5660\" class=\"title-with-icon-wrapper clear xxlarge \" data-color=\"\"><div class=\"wpb_content_element title-with-icon clearfix top-style\"><span  style=\"color:#ee7202 !important;background-color: !important;\" class=\"oic-flaticon1-delivery32 clear xxlarge \" ><\/span><h4 class=\"content-color\" style=\"\">M\u00dc\u015eTER\u0130 KASALARI<\/h4><\/div><\/div>[\/vc_column][\/vc_row]<\/p>\n<\/div>","protected":false},"excerpt":{"rendered":"<p>[vc_row css=&#8221;.vc_custom_1434152918098{margin-top: 0px !important;padding-top: 40px !important;}&#8221; bg_parallax=&#8221;off&#8221; bg_video=&#8221;off&#8221; bottom_button=&#8221;off&#8221; bottom_button_color=&#8221;#222222&#8243; row_fullwidth=&#8221;&#8221; row_vertical_center=&#8221;&#8221; row_fullheight=&#8221;&#8221; row_zero_column_space=&#8221;&#8221; bg_slider=&#8221;off&#8221; bg_slider_size=&#8221;full&#8221;][vc_column width=&#8221;1\/1&#8243;][vc_column_text css=&#8221;.vc_custom_1435109826294{margin-bottom: 0px !important;padding-bottom: 0px !important;}&#8221;] Bo\u015f kasa Y\u00f6netimi: Paletlerin ve Kutular\u0131n Kontrol\u00fc Mallar [&hellip;]<\/p>\n","protected":false},"author":1,"featured_media":0,"parent":2226,"menu_order":3,"comment_status":"closed","ping_status":"closed","template":"","meta":{"footnotes":""},"class_list":["post-2262","page","type-page","status-publish","hentry"],"_links":{"self":[{"href":"https:\/\/deltatrans.de\/tr\/wp-json\/wp\/v2\/pages\/2262","targetHints":{"allow":["GET"]}}],"collection":[{"href":"https:\/\/deltatrans.de\/tr\/wp-json\/wp\/v2\/pages"}],"about":[{"href":"https:\/\/deltatrans.de\/tr\/wp-json\/wp\/v2\/types\/page"}],"author":[{"embeddable":true,"href":"https:\/\/deltatrans.de\/tr\/wp-json\/wp\/v2\/users\/1"}],"replies":[{"embeddable":true,"href":"https:\/\/deltatrans.de\/tr\/wp-json\/wp\/v2\/comments?post=2262"}],"version-history":[{"count":0,"href":"https:\/\/deltatrans.de\/tr\/wp-json\/wp\/v2\/pages\/2262\/revisions"}],"up":[{"embeddable":true,"href":"https:\/\/deltatrans.de\/tr\/wp-json\/wp\/v2\/pages\/2226"}],"wp:attachment":[{"href":"https:\/\/deltatrans.de\/tr\/wp-json\/wp\/v2\/media?parent=2262"}],"curies":[{"name":"wp","href":"https:\/\/api.w.org\/{rel}","templated":true}]}}