{"id":2254,"date":"2015-06-13T00:57:48","date_gmt":"2015-06-13T00:57:48","guid":{"rendered":"http:\/\/deltatrans.de\/tr\/logistik\/cross-docking\/"},"modified":"2015-06-24T14:11:32","modified_gmt":"2015-06-24T12:11:32","slug":"cross-docking","status":"publish","type":"page","link":"https:\/\/deltatrans.de\/tr\/logistik\/cross-docking\/","title":{"rendered":"Cross-Docking"},"content":{"rendered":"<div class=\"wpb-content-wrapper\"><p>[vc_row css=&#8221;.vc_custom_1434152918098{margin-top: 0px !important;padding-top: 40px !important;}&#8221; bg_parallax=&#8221;off&#8221; bg_video=&#8221;off&#8221; bottom_button=&#8221;off&#8221; bottom_button_color=&#8221;#222222&#8243; row_fullwidth=&#8221;&#8221; row_vertical_center=&#8221;&#8221; row_fullheight=&#8221;&#8221; row_zero_column_space=&#8221;&#8221; bg_slider=&#8221;off&#8221; bg_slider_size=&#8221;full&#8221;][vc_column width=&#8221;1\/1&#8243;][vc_column_text]<\/p>\n<h3>Cross-Docking: Depolamas\u0131z Teslimat<\/h3>\n<p>Deltatrans , sahada ve her alanda b\u00fct\u00fcn mallar\u0131n\u0131z i\u00e7in size modern bir ta\u015f\u0131mac\u0131l\u0131k sunar.Mallar\u0131n\u0131z teslim al\u0131n\u0131r al\u0131nmaz, da\u011f\u0131t\u0131m i\u015flemleri ba\u015flar ve da\u011f\u0131t\u0131m ger\u00e7ekle\u015ftirilir.Bu direk teslimat rotalar\u0131, mallar\u0131n depolarda tutulma gereklili\u011fini ortadan kald\u0131rd\u0131\u011f\u0131 gibi, daha d\u00fc\u015f\u00fck maliyetli \u00fcstelik \u00e7ok daha k\u0131sa s\u00fcrede ta\u015f\u0131mac\u0131l\u0131k sa\u011flar.[\/vc_column_text][vc_single_image image=&#8221;1896&#8243; border_color=&#8221;grey&#8221; img_link_large=&#8221;&#8221; img_link_target=&#8221;_self&#8221; lightbox=&#8221;no&#8221; zoom_on_hover=&#8221;no&#8221; img_animated=&#8221;no&#8221; img_infinite=&#8221;no&#8221; img_animation=&#8221;flash&#8221; img_size=&#8221;full&#8221;][vc_column_text css=&#8221;.vc_custom_1435147883285{margin-top: 0px !important;}&#8221;]Cross-Docking d\u00fc\u015f\u00fck hacimli taleplere y\u00f6nelik oldu\u011fu gibi; y\u00fcksek hacimli, y\u00fcksek ciro mallara da uygulanabilir. \u015e\u00fcphesiz ki, otomobil end\u00fcstrisi de Cross-Docking&#8217;ten yararlanmaktad\u0131r. Bu sayede gereksiz depolama alanlar\u0131ndan tasarruf etme imk\u00e2n\u0131 sa\u011flan\u0131r.<br \/>\nTa\u015f\u0131mac\u0131l\u0131k tamamen do\u011fru y\u00fck ve do\u011fru zaman prensibine dayanmaktad\u0131r. Bu sebeple, Cross-Docking sistemiyle yapt\u0131\u011f\u0131n\u0131z i\u015fi en k\u00fc\u00e7\u00fck detay\u0131na kadar planlayarak h\u0131zland\u0131r\u0131p, neticelendiriyoruz.<br \/>\n[\/vc_column_text][vc_separator color=&#8221;grey&#8221; align=&#8221;align_center&#8221; style=&#8221;dotted&#8221;][\/vc_column][\/vc_row][vc_row][vc_column width=&#8221;1\/3&#8243;]<div id=\"tile-with-icon_icon9230\" class=\"title-with-icon-wrapper clear xxlarge \" data-color=\"\"><div class=\"wpb_content_element title-with-icon clearfix top-style\"><span  style=\"color:#ee7202 !important;background-color: !important;\" class=\"oic-simple-line-icons-65 clear xxlarge \" ><\/span><h4 class=\"content-color\" style=\"\">D\u0130REK YOL<\/h4><\/div><\/div>[\/vc_column][vc_column width=&#8221;1\/3&#8243;]<div id=\"tile-with-icon_icon8438\" class=\"title-with-icon-wrapper clear xxlarge \" data-color=\"\"><div class=\"wpb_content_element title-with-icon clearfix top-style\"><span  style=\"color:#ee7202 !important;background-color: !important;\" class=\"oic-arrows-compress clear xxlarge \" ><\/span><h4 class=\"content-color\" style=\"\">ALANDAN TASARRUF<\/h4><\/div><\/div>[\/vc_column][vc_column width=&#8221;1\/3&#8243;]<div id=\"tile-with-icon_icon3101\" class=\"title-with-icon-wrapper clear xxlarge \" data-color=\"\"><div class=\"wpb_content_element title-with-icon clearfix top-style\"><span  style=\"color:#ee7202 !important;background-color: !important;\" class=\"oic-clock-1 clear xxlarge \" ><\/span><h4 class=\"content-color\" style=\"\">ZAMANDAN TASARRUF<\/h4><\/div><\/div>[\/vc_column][\/vc_row]<\/p>\n<\/div>","protected":false},"excerpt":{"rendered":"<p>[vc_row css=&#8221;.vc_custom_1434152918098{margin-top: 0px !important;padding-top: 40px !important;}&#8221; bg_parallax=&#8221;off&#8221; bg_video=&#8221;off&#8221; bottom_button=&#8221;off&#8221; bottom_button_color=&#8221;#222222&#8243; row_fullwidth=&#8221;&#8221; row_vertical_center=&#8221;&#8221; row_fullheight=&#8221;&#8221; row_zero_column_space=&#8221;&#8221; bg_slider=&#8221;off&#8221; bg_slider_size=&#8221;full&#8221;][vc_column width=&#8221;1\/1&#8243;][vc_column_text] Cross-Docking: Depolamas\u0131z Teslimat Deltatrans , sahada ve her alanda b\u00fct\u00fcn mallar\u0131n\u0131z i\u00e7in size [&hellip;]<\/p>\n","protected":false},"author":1,"featured_media":0,"parent":2226,"menu_order":2,"comment_status":"closed","ping_status":"closed","template":"","meta":{"footnotes":""},"class_list":["post-2254","page","type-page","status-publish","hentry"],"_links":{"self":[{"href":"https:\/\/deltatrans.de\/tr\/wp-json\/wp\/v2\/pages\/2254","targetHints":{"allow":["GET"]}}],"collection":[{"href":"https:\/\/deltatrans.de\/tr\/wp-json\/wp\/v2\/pages"}],"about":[{"href":"https:\/\/deltatrans.de\/tr\/wp-json\/wp\/v2\/types\/page"}],"author":[{"embeddable":true,"href":"https:\/\/deltatrans.de\/tr\/wp-json\/wp\/v2\/users\/1"}],"replies":[{"embeddable":true,"href":"https:\/\/deltatrans.de\/tr\/wp-json\/wp\/v2\/comments?post=2254"}],"version-history":[{"count":0,"href":"https:\/\/deltatrans.de\/tr\/wp-json\/wp\/v2\/pages\/2254\/revisions"}],"up":[{"embeddable":true,"href":"https:\/\/deltatrans.de\/tr\/wp-json\/wp\/v2\/pages\/2226"}],"wp:attachment":[{"href":"https:\/\/deltatrans.de\/tr\/wp-json\/wp\/v2\/media?parent=2254"}],"curies":[{"name":"wp","href":"https:\/\/api.w.org\/{rel}","templated":true}]}}