{"id":2238,"date":"2014-11-01T18:03:24","date_gmt":"2014-11-01T18:03:24","guid":{"rendered":"http:\/\/deltatrans.de\/tr\/logistik\/3pl-logistik\/"},"modified":"2015-06-24T03:24:08","modified_gmt":"2015-06-24T01:24:08","slug":"3pl-logistik","status":"publish","type":"page","link":"https:\/\/deltatrans.de\/tr\/logistik\/3pl-logistik\/","title":{"rendered":"3PL lojistik"},"content":{"rendered":"<div class=\"wpb-content-wrapper\"><p>[vc_row css=&#8221;.vc_custom_1434848833937{margin-top: 0px !important;padding-top: 40px !important;}&#8221; bg_parallax=&#8221;off&#8221; bg_video=&#8221;off&#8221; bottom_button=&#8221;off&#8221; bottom_button_color=&#8221;#222222&#8243; row_fullwidth=&#8221;&#8221; row_vertical_center=&#8221;&#8221; row_fullheight=&#8221;&#8221; row_zero_column_space=&#8221;&#8221; bg_slider=&#8221;off&#8221; bg_slider_size=&#8221;full&#8221;][vc_column width=&#8221;1\/1&#8243;][vc_column_text]<\/p>\n<h3>3PL lojistik: B\u00fct\u00fcn Ta\u015f\u0131ma A\u011f\u0131n\u0131n M\u00fckemmel Organizasyonu<\/h3>\n<p>Otomobil end\u00fcstrisi i\u00e7in bir servis sa\u011flay\u0131c\u0131 olarak, 3PL lojistik de b\u00fcy\u00fck bir yetkinli\u011fe sahibiz.Sertifikal\u0131 i\u015flemler ve IT departman\u0131m\u0131zda modern teknolojiler sayesinde m\u00fc\u015fterilerimiz i\u00e7in en iyi ta\u015f\u0131ma a\u011f\u0131n\u0131 tedarik ediyoruz.Bu sayede, sabit masraflar de\u011fi\u015fken hale gelerek maliyet kazanc\u0131 haline d\u00f6n\u00fc\u015fmektedir.[\/vc_column_text][vc_single_image image=&#8221;1871&#8243; border_color=&#8221;grey&#8221; img_link_large=&#8221;&#8221; img_link_target=&#8221;_self&#8221; lightbox=&#8221;no&#8221; zoom_on_hover=&#8221;no&#8221; img_animated=&#8221;no&#8221; img_infinite=&#8221;no&#8221; img_animation=&#8221;flash&#8221; img_size=&#8221;full&#8221;][vc_column_text]\u0130htiya\u00e7lar\u0131n\u0131za, i\u015f partnerlerinize veya sipari\u015flerinize g\u00f6re stratejiler geli\u015ftirebiliriz.Tek tedarik\u00e7i olarak; montaj hatlar\u0131 ve \u00fcretici m\u00fc\u015fteri aras\u0131nda an\u0131nda ba\u011flant\u0131y\u0131 sa\u011flamak i\u00e7in b\u00fct\u00fcn imkanlar\u0131 sizlere sunabilmekteyiz.Stratejilerimizle, kat edilen mesafeleri k\u0131saltarak, m\u00fc\u015fterilerimizi olas\u0131 komplikelerden kurtar\u0131p , tamamen emniyet i\u00e7erisinde etkili ta\u015f\u0131mac\u0131l\u0131\u011f\u0131n yararlar\u0131ndan faydalanmalar\u0131n\u0131 sa\u011fl\u0131yoruz.<br \/>\nSonu\u00e7 olarak, m\u00fc\u015fterilerimizden gelecek isteklere, an\u0131nda en iyi \u015fekilde cevap verebilecek donan\u0131m ve sistemlere sahibiz.<br \/>\n[\/vc_column_text]<ul class=\"ozy-custom-list wpb_content_element \">\n\n<li><span class=\"oic oic-arrow-right-1\" style=\"color:#312783\"><\/span><span>Direk, Noktadan Noktaya, Aktarmal\u0131 Ta\u015f\u0131mac\u0131l\u0131k<\/span><\/li>\n<li><span class=\"oic oic-arrow-right-1\" style=\"color:#312783\"><\/span><span>Komple parsel, grupaj ve kargo<\/span><\/li>\n<li><span class=\"oic oic-arrow-right-1\" style=\"color:#312783\"><\/span><span>Cross-Docking<\/span><\/li>\n<li><span class=\"oic oic-arrow-right-1\" style=\"color:#312783\"><\/span><span>IT sistemlerin entegrasyonu<\/span><\/li>\n<li><span class=\"oic oic-arrow-right-1\" style=\"color:#312783\"><\/span><span>Depolama Y\u00f6netimi<\/span><\/li>\n<li><span class=\"oic oic-arrow-right-1\" style=\"color:#312783\"><\/span><span>Etiketleme ve Paketleme<\/span><\/li>\n<li><span class=\"oic oic-arrow-right-1\" style=\"color:#312783\"><\/span><span>RackJobber ile Raf Y\u00f6netimi<\/span><\/li>\n\n<\/ul>[vc_separator color=&#8221;grey&#8221; align=&#8221;align_center&#8221; style=&#8221;dotted&#8221; border_width=&#8221;&#8221; el_width=&#8221;&#8221;][\/vc_column][\/vc_row][vc_row][vc_column width=&#8221;1\/3&#8243;]<div id=\"tile-with-icon_icon4648\" class=\"title-with-icon-wrapper clear xxlarge \" data-color=\"\"><div class=\"wpb_content_element title-with-icon clearfix top-style\"><span  style=\"color:#ee7202 !important;background-color: !important;\" class=\"oic-resize-full clear xxlarge \" ><\/span><h4 class=\"content-color\" style=\"\">M\u00dcNHASIR<\/h4><\/div><\/div>[\/vc_column][vc_column width=&#8221;1\/3&#8243;]<div id=\"tile-with-icon_icon3532\" class=\"title-with-icon-wrapper clear xxlarge \" data-color=\"\"><div class=\"wpb_content_element title-with-icon clearfix top-style\"><span  style=\"color:#ee7202 !important;background-color: !important;\" class=\"oic-lock-1 clear xxlarge \" ><\/span><h4 class=\"content-color\" style=\"\">SORUMLU<\/h4><\/div><\/div>[\/vc_column][vc_column width=&#8221;1\/3&#8243;]<div id=\"tile-with-icon_icon1402\" class=\"title-with-icon-wrapper clear xxlarge \" data-color=\"\"><div class=\"wpb_content_element title-with-icon clearfix top-style\"><span  style=\"color:#ee7202 !important;background-color: !important;\" class=\"oic-magnifying-glass clear xxlarge \" ><\/span><h4 class=\"content-color\" style=\"\">\u015eEFFAF<\/h4><\/div><\/div>[\/vc_column][\/vc_row][vc_row row_fullwidth=&#8221;1&#8243; row_vertical_center=&#8221;&#8221; row_fullheight=&#8221;&#8221; row_zero_column_space=&#8221;&#8221; bg_parallax=&#8221;off&#8221; bg_slider=&#8221;off&#8221; bg_slider_size=&#8221;full&#8221; bg_video=&#8221;off&#8221; bottom_button=&#8221;off&#8221; bottom_button_color=&#8221;#222222&#8243; css=&#8221;.vc_custom_1434848129746{margin-top: 0px !important;margin-bottom: 0px !important;border-top-width: 0px !important;border-bottom-width: 0px !important;padding-top: 0px !important;padding-bottom: 0px !important;}&#8221;][vc_column width=&#8221;1\/1&#8243;][vc_single_image image=&#8221;1865&#8243; border_color=&#8221;grey&#8221; img_link_large=&#8221;&#8221; img_link_target=&#8221;_self&#8221; lightbox=&#8221;no&#8221; zoom_on_hover=&#8221;no&#8221; img_animated=&#8221;no&#8221; img_infinite=&#8221;no&#8221; img_animation=&#8221;flash&#8221; img_size=&#8221;full&#8221;][\/vc_column][\/vc_row]<\/p>\n<\/div>","protected":false},"excerpt":{"rendered":"<p>[vc_row css=&#8221;.vc_custom_1434848833937{margin-top: 0px !important;padding-top: 40px !important;}&#8221; bg_parallax=&#8221;off&#8221; bg_video=&#8221;off&#8221; bottom_button=&#8221;off&#8221; bottom_button_color=&#8221;#222222&#8243; row_fullwidth=&#8221;&#8221; row_vertical_center=&#8221;&#8221; row_fullheight=&#8221;&#8221; row_zero_column_space=&#8221;&#8221; bg_slider=&#8221;off&#8221; bg_slider_size=&#8221;full&#8221;][vc_column width=&#8221;1\/1&#8243;][vc_column_text] 3PL lojistik: B\u00fct\u00fcn Ta\u015f\u0131ma A\u011f\u0131n\u0131n M\u00fckemmel Organizasyonu Otomobil end\u00fcstrisi i\u00e7in bir servis sa\u011flay\u0131c\u0131 [&hellip;]<\/p>\n","protected":false},"author":2,"featured_media":0,"parent":2226,"menu_order":1,"comment_status":"closed","ping_status":"closed","template":"","meta":{"footnotes":""},"class_list":["post-2238","page","type-page","status-publish","hentry"],"_links":{"self":[{"href":"https:\/\/deltatrans.de\/tr\/wp-json\/wp\/v2\/pages\/2238","targetHints":{"allow":["GET"]}}],"collection":[{"href":"https:\/\/deltatrans.de\/tr\/wp-json\/wp\/v2\/pages"}],"about":[{"href":"https:\/\/deltatrans.de\/tr\/wp-json\/wp\/v2\/types\/page"}],"author":[{"embeddable":true,"href":"https:\/\/deltatrans.de\/tr\/wp-json\/wp\/v2\/users\/2"}],"replies":[{"embeddable":true,"href":"https:\/\/deltatrans.de\/tr\/wp-json\/wp\/v2\/comments?post=2238"}],"version-history":[{"count":0,"href":"https:\/\/deltatrans.de\/tr\/wp-json\/wp\/v2\/pages\/2238\/revisions"}],"up":[{"embeddable":true,"href":"https:\/\/deltatrans.de\/tr\/wp-json\/wp\/v2\/pages\/2226"}],"wp:attachment":[{"href":"https:\/\/deltatrans.de\/tr\/wp-json\/wp\/v2\/media?parent=2238"}],"curies":[{"name":"wp","href":"https:\/\/api.w.org\/{rel}","templated":true}]}}