{"id":2217,"date":"2015-06-12T23:51:26","date_gmt":"2015-06-12T23:51:26","guid":{"rendered":"http:\/\/deltatrans.de\/tr\/transport\/zoll\/"},"modified":"2015-06-24T14:08:13","modified_gmt":"2015-06-24T12:08:13","slug":"zoll","status":"publish","type":"page","link":"https:\/\/deltatrans.de\/tr\/transport\/zoll\/","title":{"rendered":"G\u00fcmr\u00fckleme"},"content":{"rendered":"<div class=\"wpb-content-wrapper\"><p>[vc_row css=&#8221;.vc_custom_1434152918098{margin-top: 0px !important;padding-top: 40px !important;}&#8221; bg_parallax=&#8221;off&#8221; bg_video=&#8221;off&#8221; bottom_button=&#8221;off&#8221; bottom_button_color=&#8221;#222222&#8243; row_fullwidth=&#8221;&#8221; row_vertical_center=&#8221;&#8221; row_fullheight=&#8221;&#8221; row_zero_column_space=&#8221;&#8221; bg_slider=&#8221;off&#8221; bg_slider_size=&#8221;full&#8221;][vc_column width=&#8221;1\/1&#8243;][vc_column_text]<\/p>\n<h3>G\u00fcmr\u00fckleme: S\u0131n\u0131rs\u0131z hizmet<\/h3>\n<p>Deltatrans birinci s\u0131n\u0131f ithalat ve ihracat servisi hizmeti ile haftan\u0131n yedi g\u00fcn\u00fc sizlere hizmet vermektedir.\u015eirketimiz ithalat ve ihracat beyannameleri, sevk notlar\u0131 ve ilgili vergi i\u015flerine \u00f6zen g\u00f6stermektedir. Direk g\u00fcmr\u00fck ileti\u015fim sistemi olan Atlas&#8217;a ba\u011flanabildi\u011fimizden 15 dakikada evrak i\u015flemlerinizi bitiriyoruz.[\/vc_column_text][vc_row_inner][vc_column_inner el_class=&#8221;&#8221; width=&#8221;1\/2&#8243;][vc_single_image image=&#8221;1859&#8243; border_color=&#8221;grey&#8221; img_link_large=&#8221;yes&#8221; img_link_target=&#8221;_self&#8221; lightbox=&#8221;yes&#8221; zoom_on_hover=&#8221;yes&#8221; img_animated=&#8221;no&#8221; img_infinite=&#8221;no&#8221; img_animation=&#8221;flash&#8221; img_size=&#8221;full&#8221;][\/vc_column_inner][vc_column_inner el_class=&#8221;&#8221; width=&#8221;1\/2&#8243;][vc_single_image image=&#8221;1860&#8243; border_color=&#8221;grey&#8221; img_link_large=&#8221;yes&#8221; img_link_target=&#8221;_self&#8221; lightbox=&#8221;yes&#8221; zoom_on_hover=&#8221;yes&#8221; img_animated=&#8221;no&#8221; img_infinite=&#8221;no&#8221; img_animation=&#8221;flash&#8221; img_size=&#8221;full&#8221;][\/vc_column_inner][\/vc_row_inner][\/vc_column][\/vc_row][vc_row full_width=&#8221;&#8221; parallax=&#8221;&#8221; parallax_image=&#8221;&#8221; row_fullwidth=&#8221;&#8221; row_vertical_center=&#8221;&#8221; row_fullheight=&#8221;&#8221; row_zero_column_space=&#8221;&#8221; bg_parallax=&#8221;off&#8221; bg_scroll=&#8221;&#8221; bg_slider=&#8221;off&#8221; bg_slider_size=&#8221;full&#8221; bg_video=&#8221;off&#8221; bottom_button=&#8221;off&#8221; bottom_button_color=&#8221;#222222&#8243;][vc_column width=&#8221;1\/1&#8243;]<ul class=\"ozy-custom-list wpb_content_element \">\n\n<li><span class=\"oic oic-arrow-right-1\" style=\"color:#312783\"><\/span><span>Elektronik \u0130hracat G\u00fcmr\u00fcklemesi, \u0130nternet g\u00fcmr\u00fck i\u015flemlerini AT\u015eAS und NCTS ortam\u0131nda yapmaktay\u0131z<\/span><\/li>\n<li><span class=\"oic oic-arrow-right-1\" style=\"color:#312783\"><\/span><span>\u0130thalat ve \u0130hracat i\u015flemlerin tamamlanmas\u0131<\/span><\/li>\n<li><span class=\"oic oic-arrow-right-1\" style=\"color:#312783\"><\/span><span>Hareket belgelerinin olu\u015fturulmas\u0131 (ATR, EUR1 ve di\u011ferleri)<\/span><\/li>\n<li><span class=\"oic oic-arrow-right-1\" style=\"color:#312783\"><\/span><span>T\u0131r Karnesi<\/span><\/li>\n\n<\/ul>[vc_separator color=&#8221;grey&#8221; align=&#8221;align_center&#8221; style=&#8221;dotted&#8221;][\/vc_column][\/vc_row][vc_row][vc_column width=&#8221;1\/3&#8243;]<div id=\"tile-with-icon_icon4766\" class=\"title-with-icon-wrapper clear xxlarge \" data-color=\"\"><div class=\"wpb_content_element title-with-icon clearfix top-style\"><span  style=\"color:#ee7202 !important;background-color: !important;\" class=\"oic-flaticon1-international14 clear xxlarge \" ><\/span><h4 class=\"content-color\" style=\"\">ULUSLARARASI H\u0130ZMETLER<\/h4><\/div><\/div>[\/vc_column][vc_column width=&#8221;1\/3&#8243;]<div id=\"tile-with-icon_icon1496\" class=\"title-with-icon-wrapper clear xxlarge \" data-color=\"\"><div class=\"wpb_content_element title-with-icon clearfix top-style\"><span  style=\"color:#ee7202 !important;background-color: !important;\" class=\"oic-thumbs-up clear xxlarge \" ><\/span><h4 class=\"content-color\" style=\"\">KOLAY \u0130\u015eLEMLER<\/h4><\/div><\/div>[\/vc_column][vc_column width=&#8221;1\/3&#8243;]<div id=\"tile-with-icon_icon9898\" class=\"title-with-icon-wrapper clear xxlarge \" data-color=\"\"><div class=\"wpb_content_element title-with-icon clearfix top-style\"><span  style=\"color:#ee7202 !important;background-color: !important;\" class=\"oic-flaticon4-list57 clear xxlarge \" ><\/span><h4 class=\"content-color\" style=\"\">ONAYLI BELGELER<\/h4><\/div><\/div>[\/vc_column][\/vc_row]<\/p>\n<\/div>","protected":false},"excerpt":{"rendered":"<p>[vc_row css=&#8221;.vc_custom_1434152918098{margin-top: 0px !important;padding-top: 40px !important;}&#8221; bg_parallax=&#8221;off&#8221; bg_video=&#8221;off&#8221; bottom_button=&#8221;off&#8221; bottom_button_color=&#8221;#222222&#8243; row_fullwidth=&#8221;&#8221; row_vertical_center=&#8221;&#8221; row_fullheight=&#8221;&#8221; row_zero_column_space=&#8221;&#8221; bg_slider=&#8221;off&#8221; bg_slider_size=&#8221;full&#8221;][vc_column width=&#8221;1\/1&#8243;][vc_column_text] G\u00fcmr\u00fckleme: S\u0131n\u0131rs\u0131z hizmet Deltatrans birinci s\u0131n\u0131f ithalat ve ihracat servisi hizmeti ile haftan\u0131n [&hellip;]<\/p>\n","protected":false},"author":1,"featured_media":0,"parent":2174,"menu_order":4,"comment_status":"closed","ping_status":"closed","template":"","meta":{"footnotes":""},"class_list":["post-2217","page","type-page","status-publish","hentry"],"_links":{"self":[{"href":"https:\/\/deltatrans.de\/tr\/wp-json\/wp\/v2\/pages\/2217","targetHints":{"allow":["GET"]}}],"collection":[{"href":"https:\/\/deltatrans.de\/tr\/wp-json\/wp\/v2\/pages"}],"about":[{"href":"https:\/\/deltatrans.de\/tr\/wp-json\/wp\/v2\/types\/page"}],"author":[{"embeddable":true,"href":"https:\/\/deltatrans.de\/tr\/wp-json\/wp\/v2\/users\/1"}],"replies":[{"embeddable":true,"href":"https:\/\/deltatrans.de\/tr\/wp-json\/wp\/v2\/comments?post=2217"}],"version-history":[{"count":0,"href":"https:\/\/deltatrans.de\/tr\/wp-json\/wp\/v2\/pages\/2217\/revisions"}],"up":[{"embeddable":true,"href":"https:\/\/deltatrans.de\/tr\/wp-json\/wp\/v2\/pages\/2174"}],"wp:attachment":[{"href":"https:\/\/deltatrans.de\/tr\/wp-json\/wp\/v2\/media?parent=2217"}],"curies":[{"name":"wp","href":"https:\/\/api.w.org\/{rel}","templated":true}]}}