{"id":2205,"date":"2015-06-12T22:38:48","date_gmt":"2015-06-12T22:38:48","guid":{"rendered":"http:\/\/deltatrans.de\/tr\/transport\/internationale-transporte\/"},"modified":"2015-06-24T03:10:52","modified_gmt":"2015-06-24T01:10:52","slug":"internationale-transporte","status":"publish","type":"page","link":"https:\/\/deltatrans.de\/tr\/transport\/internationale-transporte\/","title":{"rendered":"Uluslararas\u0131 ta\u015f\u0131mac\u0131l\u0131k"},"content":{"rendered":"<div class=\"wpb-content-wrapper\"><p>[vc_row css=&#8221;.vc_custom_1434842604842{margin-top: 0px !important;margin-bottom: 5px !important;padding-top: 40px !important;}&#8221; bg_parallax=&#8221;off&#8221; bg_video=&#8221;off&#8221; bottom_button=&#8221;off&#8221; bottom_button_color=&#8221;#222222&#8243; row_fullwidth=&#8221;&#8221; row_vertical_center=&#8221;&#8221; row_fullheight=&#8221;&#8221; row_zero_column_space=&#8221;&#8221; bg_slider=&#8221;off&#8221; bg_slider_size=&#8221;full&#8221;][vc_column width=&#8221;1\/1&#8243;][vc_column_text]<\/p>\n<h3>Uluslararas\u0131 ta\u015f\u0131mac\u0131l\u0131k: Bat\u0131 ile Do\u011fuyu bulu\u015fturuyoruz.<\/h3>\n<p>[\/vc_column_text][\/vc_column][\/vc_row][vc_row row_fullwidth=&#8221;&#8221; row_vertical_center=&#8221;&#8221; row_fullheight=&#8221;&#8221; row_zero_column_space=&#8221;&#8221; bg_parallax=&#8221;off&#8221; bg_slider=&#8221;off&#8221; bg_slider_size=&#8221;full&#8221; bg_video=&#8221;off&#8221; bottom_button=&#8221;off&#8221; bottom_button_color=&#8221;#222222&#8243; css=&#8221;.vc_custom_1434842528251{margin-top: 0px !important;margin-bottom: 0px !important;padding-top: 0px !important;}&#8221;][vc_column width=&#8221;2\/3&#8243;][vc_column_text]\u015e\u00fcphesiz ki Deltatrans lojistik T\u00fcrkiye&#8217;ye nakliyat konusunda yetkindir.Biz \u00fclkelerin lojistik s\u00fcre\u00e7lerinde kulland\u0131\u011f\u0131 dili biliyor ve anl\u0131yoruz.Deltatrans olarak m\u00fc\u015fterilerimize alan\u0131nda uzman T\u00fcrk partnerlerimizle Ortado\u011fu, Rusya ve T\u00fcrkiye&#8217; de ki pazarlara eri\u015fim imkan\u0131 sunuyoruz.Her zaman oldu\u011fu gibi \u015firketimiz Avrupa Birli\u011fi \u00fclkeleri ve AB \u00fclkeleri d\u0131\u015f\u0131nda ki etraf\u0131nda ki \u00fclkeler aras\u0131nda g\u00fcvenli, sa\u011flam ve dakik lojistik ba\u011flant\u0131lar sunmakta.[\/vc_column_text][\/vc_column][vc_column width=&#8221;1\/3&#8243; css=&#8221;.vc_custom_1434842398655{padding-top: 10px !important;}&#8221;][vc_single_image image=&#8221;1856&#8243; border_color=&#8221;grey&#8221; img_link_large=&#8221;yes&#8221; img_link_target=&#8221;_self&#8221; lightbox=&#8221;yes&#8221; zoom_on_hover=&#8221;yes&#8221; img_animated=&#8221;no&#8221; img_infinite=&#8221;no&#8221; img_animation=&#8221;flash&#8221; img_size=&#8221;full&#8221;][\/vc_column][\/vc_row][vc_row row_fullwidth=&#8221;&#8221; row_vertical_center=&#8221;&#8221; row_fullheight=&#8221;&#8221; row_zero_column_space=&#8221;&#8221; bg_parallax=&#8221;off&#8221; bg_slider=&#8221;off&#8221; bg_slider_size=&#8221;full&#8221; bg_video=&#8221;off&#8221; bottom_button=&#8221;off&#8221; bottom_button_color=&#8221;#222222&#8243; css=&#8221;.vc_custom_1434842352131{margin-top: 0px !important;padding-top: 00px !important;}&#8221;][vc_column width=&#8221;1\/1&#8243;][vc_column_text]2007&#8217;den bu yana Deltatrans \u0130stanbul&#8217;a seferler d\u00fczenlemektedir.Her nakliyat\u0131m\u0131z\u0131 g\u00f6nderi takip sistemimizle bilgisayar ekranlar\u0131ndan g\u00f6rebilmekteyiz.[\/vc_column_text][\/vc_column][\/vc_row][vc_row full_width=&#8221;&#8221; parallax=&#8221;&#8221; parallax_image=&#8221;&#8221; row_fullwidth=&#8221;&#8221; row_vertical_center=&#8221;&#8221; row_fullheight=&#8221;&#8221; row_zero_column_space=&#8221;&#8221; bg_parallax=&#8221;off&#8221; bg_scroll=&#8221;&#8221; bg_slider=&#8221;off&#8221; bg_slider_size=&#8221;full&#8221; bg_video=&#8221;off&#8221; bottom_button=&#8221;off&#8221; bottom_button_color=&#8221;#222222&#8243;][vc_column width=&#8221;1\/1&#8243;]<ul class=\"ozy-custom-list wpb_content_element \">\n\n<li><span class=\"oic oic-arrow-right-1\" style=\"color:#312783\"><\/span><span>Do\u011frudan \u0130stanbul'a<\/span><\/li>\n<li><span class=\"oic oic-arrow-right-1\" style=\"color:#312783\"><\/span><span>T\u00fcrkiye'ye<\/span><\/li>\n<li><span class=\"oic oic-arrow-right-1\" style=\"color:#312783\"><\/span><span>Irak'a<\/span><\/li>\n<li><span class=\"oic oic-arrow-right-1\" style=\"color:#312783\"><\/span><span>Rusya i\u00e7in<\/span><\/li>\n<li><span class=\"oic oic-arrow-right-1\" style=\"color:#312783\"><\/span><span>Ve Ortado\u011fu'daki di\u011fer \u00fclkelere<\/span><\/li>\n\n<\/ul>[vc_separator color=&#8221;grey&#8221; align=&#8221;align_center&#8221; style=&#8221;dotted&#8221;][\/vc_column][\/vc_row][vc_row][vc_column width=&#8221;1\/3&#8243;]<div id=\"tile-with-icon_icon4452\" class=\"title-with-icon-wrapper clear xxlarge \" data-color=\"\"><div class=\"wpb_content_element title-with-icon clearfix top-style\"><span  style=\"color:#ee7202 !important;background-color: !important;\" class=\"oic-flaticon4-world93 clear xxlarge \" ><\/span><h4 class=\"content-color\" style=\"\">CO\u011eRAF\u0130 B\u0130LG\u0130<\/h4><\/div><\/div>[\/vc_column][vc_column width=&#8221;1\/3&#8243;]<div id=\"tile-with-icon_icon8184\" class=\"title-with-icon-wrapper clear xxlarge \" data-color=\"\"><div class=\"wpb_content_element title-with-icon clearfix top-style\"><span  style=\"color:#ee7202 !important;background-color: !important;\" class=\"oic-flaticon4-female218 clear xxlarge \" ><\/span><h4 class=\"content-color\" style=\"\">D\u0130L B\u0130LG\u0130S\u0130<\/h4><\/div><\/div>[\/vc_column][vc_column width=&#8221;1\/3&#8243;]<div id=\"tile-with-icon_icon3588\" class=\"title-with-icon-wrapper clear xxlarge \" data-color=\"\"><div class=\"wpb_content_element title-with-icon clearfix top-style\"><span  style=\"color:#ee7202 !important;background-color: !important;\" class=\"oic-torsos-all clear xxlarge \" ><\/span><h4 class=\"content-color\" style=\"\">UZMAN ORTAKLAR<\/h4><\/div><\/div>[\/vc_column][\/vc_row]<\/p>\n<\/div>","protected":false},"excerpt":{"rendered":"<p>[vc_row css=&#8221;.vc_custom_1434842604842{margin-top: 0px !important;margin-bottom: 5px !important;padding-top: 40px !important;}&#8221; bg_parallax=&#8221;off&#8221; bg_video=&#8221;off&#8221; bottom_button=&#8221;off&#8221; bottom_button_color=&#8221;#222222&#8243; row_fullwidth=&#8221;&#8221; row_vertical_center=&#8221;&#8221; row_fullheight=&#8221;&#8221; row_zero_column_space=&#8221;&#8221; bg_slider=&#8221;off&#8221; bg_slider_size=&#8221;full&#8221;][vc_column width=&#8221;1\/1&#8243;][vc_column_text] Uluslararas\u0131 ta\u015f\u0131mac\u0131l\u0131k: Bat\u0131 ile Do\u011fuyu bulu\u015fturuyoruz. [\/vc_column_text][\/vc_column][\/vc_row][vc_row row_fullwidth=&#8221;&#8221; row_vertical_center=&#8221;&#8221; row_fullheight=&#8221;&#8221; row_zero_column_space=&#8221;&#8221; [&hellip;]<\/p>\n","protected":false},"author":1,"featured_media":0,"parent":2174,"menu_order":3,"comment_status":"closed","ping_status":"closed","template":"","meta":{"footnotes":""},"class_list":["post-2205","page","type-page","status-publish","hentry"],"_links":{"self":[{"href":"https:\/\/deltatrans.de\/tr\/wp-json\/wp\/v2\/pages\/2205","targetHints":{"allow":["GET"]}}],"collection":[{"href":"https:\/\/deltatrans.de\/tr\/wp-json\/wp\/v2\/pages"}],"about":[{"href":"https:\/\/deltatrans.de\/tr\/wp-json\/wp\/v2\/types\/page"}],"author":[{"embeddable":true,"href":"https:\/\/deltatrans.de\/tr\/wp-json\/wp\/v2\/users\/1"}],"replies":[{"embeddable":true,"href":"https:\/\/deltatrans.de\/tr\/wp-json\/wp\/v2\/comments?post=2205"}],"version-history":[{"count":0,"href":"https:\/\/deltatrans.de\/tr\/wp-json\/wp\/v2\/pages\/2205\/revisions"}],"up":[{"embeddable":true,"href":"https:\/\/deltatrans.de\/tr\/wp-json\/wp\/v2\/pages\/2174"}],"wp:attachment":[{"href":"https:\/\/deltatrans.de\/tr\/wp-json\/wp\/v2\/media?parent=2205"}],"curies":[{"name":"wp","href":"https:\/\/api.w.org\/{rel}","templated":true}]}}