{"id":2191,"date":"2014-11-01T11:25:48","date_gmt":"2014-11-01T11:25:48","guid":{"rendered":"http:\/\/deltatrans.de\/tr\/transport\/luftfracht-und-seefracht\/"},"modified":"2015-06-24T03:04:40","modified_gmt":"2015-06-24T01:04:40","slug":"luftfracht-und-seefracht","status":"publish","type":"page","link":"https:\/\/deltatrans.de\/tr\/transport\/luftfracht-und-seefracht\/","title":{"rendered":"Hava ve deniz ta\u015f\u0131mac\u0131l\u0131\u011f\u0131"},"content":{"rendered":"<div class=\"wpb-content-wrapper\"><p>[vc_row css=&#8221;.vc_custom_1414841734642{margin-top: 0px !important;padding-top: 40px !important;}&#8221; bg_parallax=&#8221;off&#8221; bg_video=&#8221;off&#8221; bottom_button=&#8221;off&#8221; bottom_button_color=&#8221;#222222&#8243;][vc_column width=&#8221;1\/1&#8243;][vc_column_text]<\/p>\n<h3>Hava ve deniz ta\u015f\u0131mac\u0131l\u0131\u011f\u0131: D\u00fcnyaya a\u00e7\u0131lan kap\u0131n\u0131z<\/h3>\n<p>Uzun mesafeler, s\u0131k\u0131\u015f\u0131k zamanlar ve \u00f6zel mallar s\u00f6z konusu oldu\u011fu zaman u\u00e7akla nakliyat en iyi se\u00e7enektir.Deltatrans olarak sizin i\u00e7in hava ta\u015f\u0131mac\u0131l\u0131\u011f\u0131nda g\u00fcvenli ini\u015f, g\u00fcvenli teslimat gibi b\u00fct\u00fcn lojistik s\u00fcre\u00e7leri y\u00f6netiyoruz.\u0130htiyac\u0131n\u0131z durumuna tahsilat i\u015flemleri, kargo, mal teslimi gibi b\u00fct\u00fcn dok\u00fcmanlar\u0131n\u0131z\u0131 takip noktas\u0131nda size e\u015flik ediyoruz.Alan\u0131nda uzman olan \u00fcnl\u00fc IATA acenteleri ile yapt\u0131\u011f\u0131m\u0131z i\u015fbirli\u011fi bize k\u00fcresel hava ta\u015f\u0131mac\u0131l\u0131\u011f\u0131 a\u011f\u0131na eri\u015fim olana\u011f\u0131 sa\u011flar.Deltatrans olarak sizin i\u00e7in en iyi fiyat\u0131 sunuyor ve t\u00fcm aktif ta\u015f\u0131malar\u0131n\u0131za g\u00f6z kulak oluyoruz.[\/vc_column_text][\/vc_column][\/vc_row][vc_row full_width=&#8221;&#8221; parallax=&#8221;&#8221; parallax_image=&#8221;&#8221; row_fullwidth=&#8221;&#8221; row_vertical_center=&#8221;&#8221; row_fullheight=&#8221;&#8221; row_zero_column_space=&#8221;&#8221; bg_parallax=&#8221;off&#8221; bg_scroll=&#8221;&#8221; bg_slider=&#8221;off&#8221; bg_slider_size=&#8221;full&#8221; bg_video=&#8221;off&#8221; bottom_button=&#8221;off&#8221; bottom_button_color=&#8221;#222222&#8243;][vc_column width=&#8221;1\/2&#8243;][vc_single_image image=&#8221;1841&#8243; alignment=&#8221;center&#8221; border_color=&#8221;grey&#8221; img_link_target=&#8221;_self&#8221; lightbox=&#8221;yes&#8221; zoom_on_hover=&#8221;yes&#8221; img_animated=&#8221;no&#8221; img_infinite=&#8221;no&#8221; img_animation=&#8221;flash&#8221; img_size=&#8221;full&#8221; img_link_large=&#8221;yes&#8221;][\/vc_column][vc_column width=&#8221;1\/2&#8243;][vc_single_image image=&#8221;1842&#8243; alignment=&#8221;center&#8221; border_color=&#8221;grey&#8221; img_link_large=&#8221;yes&#8221; img_link_target=&#8221;_self&#8221; lightbox=&#8221;yes&#8221; zoom_on_hover=&#8221;yes&#8221; img_animated=&#8221;no&#8221; img_infinite=&#8221;no&#8221; img_animation=&#8221;flash&#8221; img_size=&#8221;full&#8221;][\/vc_column][\/vc_row][vc_row row_fullwidth=&#8221;&#8221; row_vertical_center=&#8221;&#8221; row_fullheight=&#8221;&#8221; row_zero_column_space=&#8221;&#8221; bg_parallax=&#8221;off&#8221; bg_slider=&#8221;off&#8221; bg_slider_size=&#8221;full&#8221; bg_video=&#8221;off&#8221; bottom_button=&#8221;off&#8221; bottom_button_color=&#8221;#222222&#8243; css=&#8221;.vc_custom_1434834925213{margin-top: 0px !important;padding-top: 0px !important;}&#8221;][vc_column width=&#8221;1\/1&#8243;][vc_column_text]Deltatrans ayn\u0131 zamanda \u0130skandinavya, Balt\u0131k ve Rusya&#8217;ya deniz yoluyla sevkiyatlar\u0131n\u0131zda omuzlar\u0131n\u0131zda ki y\u00fck\u00fc almak i\u00e7in \u00f6nemli bir tedarik\u00e7inizdir.Ayr\u0131ca sizin ihtiya\u00e7lar\u0131n\u0131za g\u00f6re genel kargo hizmetleri sunan nakliyat \u015firketleri ile i\u015fbirli\u011fi i\u00e7erisindeyiz.[\/vc_column_text][\/vc_column][\/vc_row][vc_row full_width=&#8221;&#8221; parallax=&#8221;&#8221; parallax_image=&#8221;&#8221; row_fullwidth=&#8221;&#8221; row_vertical_center=&#8221;&#8221; row_fullheight=&#8221;&#8221; row_zero_column_space=&#8221;&#8221; bg_parallax=&#8221;off&#8221; bg_scroll=&#8221;&#8221; bg_slider=&#8221;off&#8221; bg_slider_size=&#8221;full&#8221; bg_video=&#8221;off&#8221; bottom_button=&#8221;off&#8221; bottom_button_color=&#8221;#222222&#8243; el_id=&#8221;&#8221;][vc_column width=&#8221;1\/2&#8243;][vc_single_image image=&#8221;1836&#8243; alignment=&#8221;center&#8221; border_color=&#8221;grey&#8221; img_link_large=&#8221;yes&#8221; img_link_target=&#8221;_self&#8221; lightbox=&#8221;yes&#8221; zoom_on_hover=&#8221;yes&#8221; img_animated=&#8221;no&#8221; img_infinite=&#8221;no&#8221; img_animation=&#8221;flash&#8221; img_size=&#8221;full&#8221;][\/vc_column][vc_column width=&#8221;1\/2&#8243;][vc_single_image image=&#8221;1837&#8243; alignment=&#8221;center&#8221; border_color=&#8221;grey&#8221; img_link_large=&#8221;yes&#8221; img_link_target=&#8221;_self&#8221; lightbox=&#8221;yes&#8221; zoom_on_hover=&#8221;yes&#8221; img_animated=&#8221;no&#8221; img_infinite=&#8221;no&#8221; img_animation=&#8221;flash&#8221; img_size=&#8221;full&#8221;][\/vc_column][\/vc_row][vc_row row_fullwidth=&#8221;&#8221; row_vertical_center=&#8221;&#8221; row_fullheight=&#8221;&#8221; row_zero_column_space=&#8221;&#8221; bg_parallax=&#8221;off&#8221; bg_slider=&#8221;off&#8221; bg_slider_size=&#8221;full&#8221; bg_video=&#8221;off&#8221; bottom_button=&#8221;off&#8221; bottom_button_color=&#8221;#222222&#8243; css=&#8221;.vc_custom_1434835000293{margin-top: 0px !important;padding-top: 0px !important;}&#8221;][vc_column width=&#8221;1\/1&#8243;][vc_separator color=&#8221;grey&#8221; align=&#8221;align_center&#8221; style=&#8221;dotted&#8221; border_width=&#8221;&#8221; el_width=&#8221;&#8221;][\/vc_column][\/vc_row][vc_row][vc_column width=&#8221;1\/3&#8243;]<div id=\"tile-with-icon_icon4818\" class=\"title-with-icon-wrapper clear xxlarge \" data-color=\"\"><div class=\"wpb_content_element title-with-icon clearfix top-style\"><span  style=\"color:#ee7202 !important;background-color: !important;\" class=\"oic-flaticon4-earth198 clear xxlarge \" ><\/span><h4 class=\"content-color\" style=\"\">GLOBAL DEST\u0130NAT\u0130ONS<\/h4><\/div><\/div>[\/vc_column][vc_column width=&#8221;1\/3&#8243;]<div id=\"tile-with-icon_icon2178\" class=\"title-with-icon-wrapper clear xxlarge \" data-color=\"\"><div class=\"wpb_content_element title-with-icon clearfix top-style\"><span  style=\"color:#ee7202 !important;background-color: !important;\" class=\"oic-flaticon4-global17 clear xxlarge \" ><\/span><h4 class=\"content-color\" style=\"\">IMPORT AND EXPORT<\/h4><\/div><\/div>[\/vc_column][vc_column width=&#8221;1\/3&#8243;]<div id=\"tile-with-icon_icon3896\" class=\"title-with-icon-wrapper clear xxlarge \" data-color=\"\"><div class=\"wpb_content_element title-with-icon clearfix top-style\"><span  style=\"color:#ee7202 !important;background-color: !important;\" class=\"oic-flaticon1-delivery35 clear xxlarge \" ><\/span><h4 class=\"content-color\" style=\"\">KAPIDAN KAPIYA H\u0130ZMET<\/h4><\/div><\/div>[\/vc_column][\/vc_row]<\/p>\n<\/div>","protected":false},"excerpt":{"rendered":"<p>[vc_row css=&#8221;.vc_custom_1414841734642{margin-top: 0px !important;padding-top: 40px !important;}&#8221; bg_parallax=&#8221;off&#8221; bg_video=&#8221;off&#8221; bottom_button=&#8221;off&#8221; bottom_button_color=&#8221;#222222&#8243;][vc_column width=&#8221;1\/1&#8243;][vc_column_text] Hava ve deniz ta\u015f\u0131mac\u0131l\u0131\u011f\u0131: D\u00fcnyaya a\u00e7\u0131lan kap\u0131n\u0131z Uzun mesafeler, s\u0131k\u0131\u015f\u0131k zamanlar ve \u00f6zel mallar s\u00f6z konusu oldu\u011fu zaman u\u00e7akla [&hellip;]<\/p>\n","protected":false},"author":1,"featured_media":0,"parent":2174,"menu_order":2,"comment_status":"closed","ping_status":"closed","template":"","meta":{"footnotes":""},"class_list":["post-2191","page","type-page","status-publish","hentry"],"_links":{"self":[{"href":"https:\/\/deltatrans.de\/tr\/wp-json\/wp\/v2\/pages\/2191","targetHints":{"allow":["GET"]}}],"collection":[{"href":"https:\/\/deltatrans.de\/tr\/wp-json\/wp\/v2\/pages"}],"about":[{"href":"https:\/\/deltatrans.de\/tr\/wp-json\/wp\/v2\/types\/page"}],"author":[{"embeddable":true,"href":"https:\/\/deltatrans.de\/tr\/wp-json\/wp\/v2\/users\/1"}],"replies":[{"embeddable":true,"href":"https:\/\/deltatrans.de\/tr\/wp-json\/wp\/v2\/comments?post=2191"}],"version-history":[{"count":0,"href":"https:\/\/deltatrans.de\/tr\/wp-json\/wp\/v2\/pages\/2191\/revisions"}],"up":[{"embeddable":true,"href":"https:\/\/deltatrans.de\/tr\/wp-json\/wp\/v2\/pages\/2174"}],"wp:attachment":[{"href":"https:\/\/deltatrans.de\/tr\/wp-json\/wp\/v2\/media?parent=2191"}],"curies":[{"name":"wp","href":"https:\/\/api.w.org\/{rel}","templated":true}]}}