{"id":2179,"date":"2014-11-01T11:56:05","date_gmt":"2014-11-01T11:56:05","guid":{"rendered":"http:\/\/deltatrans.de\/tr\/transport\/landtransport\/"},"modified":"2015-06-24T03:00:20","modified_gmt":"2015-06-24T01:00:20","slug":"landtransport","status":"publish","type":"page","link":"https:\/\/deltatrans.de\/tr\/transport\/landtransport\/","title":{"rendered":"Kara Ta\u015f\u0131mac\u0131l\u0131\u011f\u0131"},"content":{"rendered":"<div class=\"wpb-content-wrapper\"><p>[vc_row css=&#8221;.vc_custom_1434152810766{margin-top: 0px !important;margin-bottom: 0px !important;padding-top: 40px !important;}&#8221; bg_parallax=&#8221;off&#8221; bg_video=&#8221;off&#8221; bottom_button=&#8221;off&#8221; bottom_button_color=&#8221;#222222&#8243; row_fullwidth=&#8221;&#8221; row_vertical_center=&#8221;&#8221; row_fullheight=&#8221;&#8221; row_zero_column_space=&#8221;&#8221; bg_slider=&#8221;off&#8221; bg_slider_size=&#8221;full&#8221;][vc_column width=&#8221;1\/1&#8243;][vc_column_text]<\/p>\n<h3>Kara Ta\u015f\u0131mac\u0131l\u0131\u011f\u0131: Olmas\u0131 gereken her yere<\/h3>\n<p>Hizmet yelpazemizin %85 inden fazlas\u0131n\u0131 kara ta\u015f\u0131mac\u0131l\u0131\u011f\u0131 olu\u015fturur.2014 y\u0131l\u0131nda, Almanya ve Avrupa`da 1.7 milyon kilometre yol kat ederek,143,000 ton kara ta\u015f\u0131mac\u0131l\u0131\u011f\u0131 yapt\u0131k.Avrupa`n\u0131n yan\u0131 s\u0131ra, \u0130stanbul ve T\u00fcrkiye&#8217;nin di\u011fer b\u00f6lgeleri, Irak ve Rusya d\u00fczenli ta\u015f\u0131mac\u0131l\u0131k rotalar\u0131m\u0131zdand\u0131r.[\/vc_column_text][\/vc_column][\/vc_row][vc_row row_fullwidth=&#8221;&#8221; row_vertical_center=&#8221;&#8221; row_fullheight=&#8221;&#8221; row_zero_column_space=&#8221;&#8221; bg_parallax=&#8221;off&#8221; bg_slider=&#8221;off&#8221; bg_slider_size=&#8221;full&#8221; bg_video=&#8221;off&#8221; bottom_button=&#8221;off&#8221; bottom_button_color=&#8221;#222222&#8243; css=&#8221;.vc_custom_1434031363432{margin-top: 0px !important;padding-top: 40px !important;}&#8221;][vc_column width=&#8221;1\/2&#8243;][vc_single_image image=&#8221;1830&#8243; border_color=&#8221;grey&#8221; img_link_large=&#8221;yes&#8221; img_link_target=&#8221;_self&#8221; lightbox=&#8221;yes&#8221; zoom_on_hover=&#8221;no&#8221; img_animated=&#8221;no&#8221; img_infinite=&#8221;no&#8221; img_animation=&#8221;flash&#8221; img_size=&#8221;full&#8221;][\/vc_column][vc_column width=&#8221;1\/2&#8243;][vc_column_text]Modern filomuzda, 30 adet \u00e7ekici ve geni\u015f g\u00f6rev yelpazeli m\u00fc\u015fteriye \u00f6zel olarak da kullan\u0131labilen 40 r\u00f6morkumuz ta\u015f\u0131mac\u0131l\u0131kta kullan\u0131lmak \u00fczere servis vermektedir.Ayr\u0131ca, sertifikal\u0131 ta\u015f\u0131mac\u0131l\u0131k \u015firketleri taraf\u0131ndan temin edebilece\u011fimiz en az 100 ara\u00e7ta kullan\u0131m alan\u0131m\u0131zdad\u0131r.Bu sayede, b\u00fct\u00fcn ta\u015f\u0131ma noktalar\u0131na tam zaman\u0131nda ve g\u00fcvenli bir \u015fekilde ta\u015f\u0131mac\u0131l\u0131k yapabilmekteyiz. \u00d6nceden planl\u0131 olmayan, h\u0131zl\u0131 ve g\u00fcvenli ta\u015f\u0131mac\u0131l\u0131k gerektiren ani taleplere kar\u015f\u0131 da cevap verme konusunda yeterliyiz.<\/p>\n<p>Deltatrans, ta\u015f\u0131ma i\u015flemini gereksiz yeniden y\u00fckleme veya bekletme i\u015flemi yapmadan; y\u00fcksek e\u011fitimli, uzman profesyonel s\u00fcr\u00fcc\u00fcleri ile en iyi rotalar\u0131 takip ederek Avrupa`da ki g\u00fcvenilir \u00e7al\u0131\u015fma partnerleri ile ger\u00e7ekle\u015ftirmektedir.<\/p>\n<p>[\/vc_column_text][\/vc_column][\/vc_row][vc_row full_width=&#8221;&#8221; parallax=&#8221;&#8221; parallax_image=&#8221;&#8221; row_fullwidth=&#8221;&#8221; row_vertical_center=&#8221;&#8221; row_fullheight=&#8221;&#8221; row_zero_column_space=&#8221;&#8221; bg_parallax=&#8221;off&#8221; bg_scroll=&#8221;&#8221; bg_slider=&#8221;off&#8221; bg_slider_size=&#8221;full&#8221; bg_video=&#8221;off&#8221; bottom_button=&#8221;off&#8221; bottom_button_color=&#8221;#222222&#8243;][vc_column width=&#8221;1\/1&#8243;]<ul class=\"ozy-custom-list wpb_content_element \">\n\n<li><span class=\"oic oic-arrow-right-1\" style=\"color:#312783\"><\/span><span>Euro 6 standartlar\u0131nda 30 \u00e7ekici<\/span><\/li>\n<li><span class=\"oic oic-arrow-right-1\" style=\"color:#312783\"><\/span><span>B\u00f6lgesel partnerler arac\u0131l\u0131\u011f\u0131 ile g\u00fcnl\u00fck en az 100 araca ula\u015fabilme kapasitesi<\/span><\/li>\n<li><span class=\"oic oic-arrow-right-1\" style=\"color:#312783\"><\/span><span>Genel kargo ta\u015f\u0131mac\u0131l\u0131\u011f\u0131<\/span><\/li>\n<li><span class=\"oic oic-arrow-right-1\" style=\"color:#312783\"><\/span><span>Parsiyel ve komple y\u00fck ta\u015f\u0131mac\u0131l\u0131\u011f\u0131<\/span><\/li>\n<li><span class=\"oic oic-arrow-right-1\" style=\"color:#312783\"><\/span><span>Multimodal ta\u015f\u0131mac\u0131l\u0131k ve uzun mesafe RORO ta\u015f\u0131mac\u0131l\u0131k networku<\/span><\/li>\n<li><span class=\"oic oic-arrow-right-1\" style=\"color:#312783\"><\/span><span>A\u011f\u0131r y\u00fck ta\u015f\u0131mac\u0131l\u0131\u011f\u0131 networku<\/span><\/li>\n<li><span class=\"oic oic-arrow-right-1\" style=\"color:#312783\"><\/span><span>Ekspres da\u011f\u0131t\u0131m ve gece servisi<\/span><\/li>\n<li><span class=\"oic oic-arrow-right-1\" style=\"color:#312783\"><\/span><span>\u00d6zel servisler<\/span><\/li>\n<li><span class=\"oic oic-arrow-right-1\" style=\"color:#312783\"><\/span><span>Medikal lojistik<\/span><\/li>\n\n<\/ul>[vc_separator color=&#8221;grey&#8221; align=&#8221;align_center&#8221; style=&#8221;dotted&#8221;][\/vc_column][\/vc_row][vc_row][vc_column width=&#8221;1\/3&#8243;]<div id=\"tile-with-icon_icon7697\" class=\"title-with-icon-wrapper clear xxlarge \" data-color=\"\"><div class=\"wpb_content_element title-with-icon clearfix top-style\"><span  style=\"color:#ee7202 !important;background-color: !important;\" class=\"oic-flaticon1-delivery23 clear xxlarge \" ><\/span><h4 class=\"content-color\" style=\"\">STANDARD TA\u015eIMACILIK<\/h4><\/div><\/div>[\/vc_column][vc_column width=&#8221;1\/3&#8243;]<div id=\"tile-with-icon_icon3553\" class=\"title-with-icon-wrapper clear xxlarge \" data-color=\"\"><div class=\"wpb_content_element title-with-icon clearfix top-style\"><span  style=\"color:#ee7202 !important;background-color: !important;\" class=\"oic-flaticon1-delivery17 clear xxlarge \" ><\/span><h4 class=\"content-color\" style=\"\">A\u011eIR Y\u00dcK TA\u015eIMACILI\u011eI <\/h4><\/div><\/div>[\/vc_column][vc_column width=&#8221;1\/3&#8243;]<div id=\"tile-with-icon_icon2877\" class=\"title-with-icon-wrapper clear xxlarge \" data-color=\"\"><div class=\"wpb_content_element title-with-icon clearfix top-style\"><span  style=\"color:#ee7202 !important;background-color: !important;\" class=\"oic-flaticon1-logistics3 clear xxlarge \" ><\/span><h4 class=\"content-color\" style=\"\">OVERN\u0130GHT SERV\u0130CE<\/h4><\/div><\/div>[\/vc_column][\/vc_row]<\/p>\n<\/div>","protected":false},"excerpt":{"rendered":"<p>[vc_row css=&#8221;.vc_custom_1434152810766{margin-top: 0px !important;margin-bottom: 0px !important;padding-top: 40px !important;}&#8221; bg_parallax=&#8221;off&#8221; bg_video=&#8221;off&#8221; bottom_button=&#8221;off&#8221; bottom_button_color=&#8221;#222222&#8243; row_fullwidth=&#8221;&#8221; row_vertical_center=&#8221;&#8221; row_fullheight=&#8221;&#8221; row_zero_column_space=&#8221;&#8221; bg_slider=&#8221;off&#8221; bg_slider_size=&#8221;full&#8221;][vc_column width=&#8221;1\/1&#8243;][vc_column_text] Kara Ta\u015f\u0131mac\u0131l\u0131\u011f\u0131: Olmas\u0131 gereken her yere Hizmet yelpazemizin %85 inden fazlas\u0131n\u0131 [&hellip;]<\/p>\n","protected":false},"author":2,"featured_media":0,"parent":2174,"menu_order":1,"comment_status":"closed","ping_status":"closed","template":"","meta":{"footnotes":""},"class_list":["post-2179","page","type-page","status-publish","hentry"],"_links":{"self":[{"href":"https:\/\/deltatrans.de\/tr\/wp-json\/wp\/v2\/pages\/2179","targetHints":{"allow":["GET"]}}],"collection":[{"href":"https:\/\/deltatrans.de\/tr\/wp-json\/wp\/v2\/pages"}],"about":[{"href":"https:\/\/deltatrans.de\/tr\/wp-json\/wp\/v2\/types\/page"}],"author":[{"embeddable":true,"href":"https:\/\/deltatrans.de\/tr\/wp-json\/wp\/v2\/users\/2"}],"replies":[{"embeddable":true,"href":"https:\/\/deltatrans.de\/tr\/wp-json\/wp\/v2\/comments?post=2179"}],"version-history":[{"count":0,"href":"https:\/\/deltatrans.de\/tr\/wp-json\/wp\/v2\/pages\/2179\/revisions"}],"up":[{"embeddable":true,"href":"https:\/\/deltatrans.de\/tr\/wp-json\/wp\/v2\/pages\/2174"}],"wp:attachment":[{"href":"https:\/\/deltatrans.de\/tr\/wp-json\/wp\/v2\/media?parent=2179"}],"curies":[{"name":"wp","href":"https:\/\/api.w.org\/{rel}","templated":true}]}}