{"id":2167,"date":"2014-10-30T19:45:33","date_gmt":"2014-10-30T19:45:33","guid":{"rendered":"http:\/\/deltatrans.de\/tr\/unternehmen\/kunden\/"},"modified":"2015-06-24T02:54:55","modified_gmt":"2015-06-24T00:54:55","slug":"kunden","status":"publish","type":"page","link":"https:\/\/deltatrans.de\/tr\/unternehmen\/kunden\/","title":{"rendered":"M\u00fc\u015fterilerimiz"},"content":{"rendered":"<div class=\"wpb-content-wrapper\"><p>[vc_row][vc_column width=&#8221;1\/1&#8243;]<h3 class=\"ozy-divider-cap-left wpb_content_element\">M\u00fc\u015fterilerimiz<\/h3><div class=\"ozy-content-divider \" style=\"border-top-style:solid;border-top-width:2px;border-top-color:#312783;width:40px;max-width:40px;float:left;\"><\/div>[vc_column_text css=&#8221;.vc_custom_1435107247590{padding-top: 30px !important;}&#8221;]\u00d6zellikle otomobil end\u00fcstrisinde m\u00fc\u015fterilerimiz i\u00e7in de\u011fer katma zincirinin g\u00fcvenilir bir par\u00e7as\u0131y\u0131z.M\u00fc\u015fterilerimiz bizim h\u0131z\u0131m\u0131z\u0131, esnekli\u011fimizi ve lojistik teknik bilgimizi takdir etmektedir.[\/vc_column_text]<div style=\"height:30px\" class=\"ozy-spacer\"><\/div><div class=\"ozy-owlcarousel navigation-off \" data-autoplay=\"false\" data-items=\"1\" data-singleitem=\"true\" data-slidespeed=\"400\" data-paginationSpeed=\"800\" data-autoheight=\"false\">\n<div class=\"item\"><img decoding=\"async\" class=\"lazyOwl\" data-src=\"https:\/\/deltatrans.de\/wp-content\/uploads\/2014\/10\/vwaudiseatskoda_banner-1024x223.jpg\" src=\"https:\/\/deltatrans.de\/wp-content\/themes\/logistic\/images\/blank-large.gif\" alt=\"full\"\/><\/div>\n<\/div>[\/vc_column][\/vc_row]<\/p>\n<\/div>","protected":false},"excerpt":{"rendered":"<p>[vc_row][vc_column width=&#8221;1\/1&#8243;][vc_column_text css=&#8221;.vc_custom_1435107247590{padding-top: 30px !important;}&#8221;]\u00d6zellikle otomobil end\u00fcstrisinde m\u00fc\u015fterilerimiz i\u00e7in de\u011fer katma zincirinin g\u00fcvenilir bir par\u00e7as\u0131y\u0131z.M\u00fc\u015fterilerimiz bizim h\u0131z\u0131m\u0131z\u0131, esnekli\u011fimizi ve lojistik teknik bilgimizi takdir etmektedir.[\/vc_column_text][\/vc_column][\/vc_row]<\/p>\n","protected":false},"author":2,"featured_media":0,"parent":2068,"menu_order":6,"comment_status":"closed","ping_status":"closed","template":"","meta":{"footnotes":""},"class_list":["post-2167","page","type-page","status-publish","hentry"],"_links":{"self":[{"href":"https:\/\/deltatrans.de\/tr\/wp-json\/wp\/v2\/pages\/2167","targetHints":{"allow":["GET"]}}],"collection":[{"href":"https:\/\/deltatrans.de\/tr\/wp-json\/wp\/v2\/pages"}],"about":[{"href":"https:\/\/deltatrans.de\/tr\/wp-json\/wp\/v2\/types\/page"}],"author":[{"embeddable":true,"href":"https:\/\/deltatrans.de\/tr\/wp-json\/wp\/v2\/users\/2"}],"replies":[{"embeddable":true,"href":"https:\/\/deltatrans.de\/tr\/wp-json\/wp\/v2\/comments?post=2167"}],"version-history":[{"count":0,"href":"https:\/\/deltatrans.de\/tr\/wp-json\/wp\/v2\/pages\/2167\/revisions"}],"up":[{"embeddable":true,"href":"https:\/\/deltatrans.de\/tr\/wp-json\/wp\/v2\/pages\/2068"}],"wp:attachment":[{"href":"https:\/\/deltatrans.de\/tr\/wp-json\/wp\/v2\/media?parent=2167"}],"curies":[{"name":"wp","href":"https:\/\/api.w.org\/{rel}","templated":true}]}}