{"id":2129,"date":"2014-10-30T18:54:53","date_gmt":"2014-10-30T17:54:53","guid":{"rendered":"http:\/\/deltatrans.de\/tr\/unternehmen\/zahlen-und-fakten\/"},"modified":"2023-11-02T01:20:19","modified_gmt":"2023-11-02T00:20:19","slug":"zahlen-und-fakten","status":"publish","type":"page","link":"https:\/\/deltatrans.de\/tr\/unternehmen\/zahlen-und-fakten\/","title":{"rendered":"Veriler"},"content":{"rendered":"<div class=\"wpb-content-wrapper\"><p>[vc_row bg_parallax=&#8221;off&#8221; css=&#8221;.vc_custom_1414695915496{margin-top: 0px !important;margin-bottom: 0px !important;padding-bottom: 0px !important;}&#8221;][vc_column width=&#8221;1\/2&#8243;]<div id=\"tile-with-icon_icon4170\" class=\"title-with-icon-wrapper clear xxlarge \" data-color=\"\"><div class=\"wpb_content_element title-with-icon clearfix margin-bottom-0 \"><span  style=\"color:#ee7202 !important;background-color: !important;\" class=\"oic-flaticon4-global21 clear xxlarge \" ><\/span><h4 style=\"color:#828282\">Genel Merkez<\/h4><\/div><div class=\"wpb_content_element left-cs title-with-icon-content xxlarge clearfix\" style=\"color:#828282\">Baunatal<\/div><\/div>[\/vc_column][vc_column width=&#8221;1\/2&#8243;]<div id=\"tile-with-icon_icon3669\" class=\"title-with-icon-wrapper clear xxlarge \" data-color=\"\"><div class=\"wpb_content_element title-with-icon clearfix margin-bottom-0 \"><span  style=\"color:#ee7202 !important;background-color: !important;\" class=\"oic-flaticon1-placeholder8 clear xxlarge \" ><\/span><h4 style=\"color:#828282\">Arazi<\/h4><\/div><div class=\"wpb_content_element left-cs title-with-icon-content xxlarge clearfix\" style=\"color:#828282\">10.000 m\u00b2<\/div><\/div>[\/vc_column][\/vc_row][vc_row bg_parallax=&#8221;off&#8221; css=&#8221;.vc_custom_1414695976344{margin-top: 0px !important;margin-bottom: 0px !important;padding-top: 0px !important;padding-bottom: 0px !important;}&#8221;][vc_column width=&#8221;1\/2&#8243;]<div id=\"tile-with-icon_icon6379\" class=\"title-with-icon-wrapper clear xxlarge \" data-color=\"\"><div class=\"wpb_content_element title-with-icon clearfix margin-bottom-0 \"><span  style=\"color:#ee7202 !important;background-color: !important;\" class=\"oic-flaticon1-delivery18 clear xxlarge \" ><\/span><h4 style=\"color:#828282\">Ara\u00e7lar<\/h4><\/div><div class=\"wpb_content_element left-cs title-with-icon-content xxlarge clearfix\" style=\"color:#828282\">50<\/div><\/div>[\/vc_column][vc_column width=&#8221;1\/2&#8243;]<div id=\"tile-with-icon_icon2642\" class=\"title-with-icon-wrapper clear xxlarge \" data-color=\"\"><div class=\"wpb_content_element title-with-icon clearfix margin-bottom-0 \"><span  style=\"color:#ee7202 !important;background-color: !important;\" class=\"oic-flaticon1-three110 clear xxlarge \" ><\/span><h4 style=\"color:#828282\">Depo Alan\u0131<\/h4><\/div><div class=\"wpb_content_element left-cs title-with-icon-content xxlarge clearfix\" style=\"color:#828282\">7,500 m\u00b2<\/div><\/div>[\/vc_column][\/vc_row][vc_row bg_parallax=&#8221;off&#8221; css=&#8221;.vc_custom_1414695976344{margin-top: 0px !important;margin-bottom: 0px !important;padding-top: 0px !important;padding-bottom: 0px !important;}&#8221;][vc_column width=&#8221;1\/2&#8243;]<div id=\"tile-with-icon_icon4324\" class=\"title-with-icon-wrapper clear xxlarge \" data-color=\"\"><div class=\"wpb_content_element title-with-icon clearfix margin-bottom-0 \"><span  style=\"color:#ee7202 !important;background-color: !important;\" class=\"oic-flaticon2-factory3 clear xxlarge \" ><\/span><h4 style=\"color:#828282\">Kapal\u0131 Depo Alan\u0131<\/h4><\/div><div class=\"wpb_content_element left-cs title-with-icon-content xxlarge clearfix\" style=\"color:#828282\">1.000 m\u00b2<\/div><\/div>[\/vc_column][vc_column width=&#8221;1\/2&#8243;]<div id=\"tile-with-icon_icon702\" class=\"title-with-icon-wrapper clear xxlarge \" data-color=\"\"><div class=\"wpb_content_element title-with-icon clearfix margin-bottom-0 \"><span  style=\"color:#ee7202 !important;background-color: !important;\" class=\"oic-flaticon2-female10 clear xxlarge \" ><\/span><h4 style=\"color:#828282\">Personel<\/h4><\/div><div class=\"wpb_content_element left-cs title-with-icon-content xxlarge clearfix\" style=\"color:#828282\">50<\/div><\/div>[\/vc_column][\/vc_row][vc_row bg_parallax=&#8221;off&#8221;][vc_column][vc_separator][\/vc_column][\/vc_row][vc_row bg_parallax=&#8221;off&#8221; css=&#8221;.vc_custom_1414696925090{margin-top: 0px !important;padding-top: 0px !important;padding-bottom: 70px !important;}&#8221;][vc_column width=&#8221;1\/2&#8243;]<div id=\"tile-with-icon_icon1974\" class=\"title-with-icon-wrapper clear xxlarge \" data-color=\"\"><div class=\"wpb_content_element title-with-icon clearfix margin-bottom-0 \"><span  style=\"color:#312783 !important;background-color: !important;\" class=\"oic-flaticon1-international11 clear xxlarge \" ><\/span><h4 style=\"color:#828282\">2014 Kilometre<\/h4><\/div><div class=\"wpb_content_element left-cs title-with-icon-content xxlarge clearfix\" style=\"color:#828282\">1,761,100 km<\/div><\/div><div id=\"tile-with-icon_icon7694\" class=\"title-with-icon-wrapper clear xxlarge \" data-color=\"\"><div class=\"wpb_content_element title-with-icon clearfix margin-bottom-0 \"><span  style=\"color:#312783 !important;background-color: !important;\" class=\"oic-flaticon1-sea9 clear xxlarge \" ><\/span><h4 style=\"color:#828282\">2014 Hava ve Deniz<\/h4><\/div><div class=\"wpb_content_element left-cs title-with-icon-content xxlarge clearfix\" style=\"color:#828282\">2 ton civar\u0131nda<\/div><\/div><div id=\"tile-with-icon_icon1195\" class=\"title-with-icon-wrapper clear xxlarge \" data-color=\"\"><div class=\"wpb_content_element title-with-icon clearfix margin-bottom-0 \"><span  style=\"color:#312783 !important;background-color: !important;\" class=\"oic-flaticon1-weight10 clear xxlarge \" ><\/span><h4 style=\"color:#828282\">G\u00fcnl\u00fck Ta\u015f\u0131nan Ton<\/h4><\/div><div class=\"wpb_content_element left-cs title-with-icon-content xxlarge clearfix\" style=\"color:#828282\">571 ton<\/div><\/div>[\/vc_column][vc_column width=&#8221;1\/2&#8243;]<div id=\"tile-with-icon_icon5280\" class=\"title-with-icon-wrapper clear xxlarge \" data-color=\"\"><div class=\"wpb_content_element title-with-icon clearfix margin-bottom-0 \"><span  style=\"color:#312783 !important;background-color: !important;\" class=\"oic-flaticon4-moving10 clear xxlarge \" ><\/span><h4 style=\"color:#828282\">2014 Kara Ta\u015f\u0131mac\u0131l\u0131\u011f\u0131<\/h4><\/div><div class=\"wpb_content_element left-cs title-with-icon-content xxlarge clearfix\" style=\"color:#828282\">143,400 ton civar\u0131nda <\/div><\/div><div id=\"tile-with-icon_icon9440\" class=\"title-with-icon-wrapper clear xxlarge \" data-color=\"\"><div class=\"wpb_content_element title-with-icon clearfix margin-bottom-0 \"><span  style=\"color:#312783 !important;background-color: !important;\" class=\"oic-flaticon2-2412 clear xxlarge \" ><\/span><h4 style=\"color:#828282\">G\u00fcnl\u00fck yap\u0131lan kilometre<\/h4><\/div><div class=\"wpb_content_element left-cs title-with-icon-content xxlarge clearfix\" style=\"color:#828282\">7,020 km<\/div><\/div><div id=\"tile-with-icon_icon2469\" class=\"title-with-icon-wrapper clear xxlarge \" data-color=\"\"><div class=\"wpb_content_element title-with-icon clearfix margin-bottom-0 \"><span  style=\"color:#312783 !important;background-color: !important;\" class=\"oic-flaticon2-checked13 clear xxlarge \" ><\/span><h4 style=\"color:#828282\">Kalite Sertifikam\u0131z<\/h4><\/div><div class=\"wpb_content_element left-cs title-with-icon-content xxlarge clearfix\" style=\"color:#828282\">2011&#8217;den beri<\/div><\/div>[\/vc_column][\/vc_row]<\/p>\n<\/div>","protected":false},"excerpt":{"rendered":"<p>[vc_row bg_parallax=&#8221;off&#8221; css=&#8221;.vc_custom_1414695915496{margin-top: 0px !important;margin-bottom: 0px !important;padding-bottom: 0px !important;}&#8221;][vc_column width=&#8221;1\/2&#8243;][\/vc_column][vc_column width=&#8221;1\/2&#8243;][\/vc_column][\/vc_row][vc_row bg_parallax=&#8221;off&#8221; css=&#8221;.vc_custom_1414695976344{margin-top: 0px !important;margin-bottom: 0px !important;padding-top: 0px !important;padding-bottom: 0px !important;}&#8221;][vc_column width=&#8221;1\/2&#8243;][\/vc_column][vc_column width=&#8221;1\/2&#8243;][\/vc_column][\/vc_row][vc_row bg_parallax=&#8221;off&#8221; css=&#8221;.vc_custom_1414695976344{margin-top: 0px !important;margin-bottom: 0px !important;padding-top: 0px [&hellip;]<\/p>\n","protected":false},"author":2,"featured_media":0,"parent":2068,"menu_order":4,"comment_status":"closed","ping_status":"closed","template":"","meta":{"footnotes":""},"class_list":["post-2129","page","type-page","status-publish","hentry"],"_links":{"self":[{"href":"https:\/\/deltatrans.de\/tr\/wp-json\/wp\/v2\/pages\/2129","targetHints":{"allow":["GET"]}}],"collection":[{"href":"https:\/\/deltatrans.de\/tr\/wp-json\/wp\/v2\/pages"}],"about":[{"href":"https:\/\/deltatrans.de\/tr\/wp-json\/wp\/v2\/types\/page"}],"author":[{"embeddable":true,"href":"https:\/\/deltatrans.de\/tr\/wp-json\/wp\/v2\/users\/2"}],"replies":[{"embeddable":true,"href":"https:\/\/deltatrans.de\/tr\/wp-json\/wp\/v2\/comments?post=2129"}],"version-history":[{"count":0,"href":"https:\/\/deltatrans.de\/tr\/wp-json\/wp\/v2\/pages\/2129\/revisions"}],"up":[{"embeddable":true,"href":"https:\/\/deltatrans.de\/tr\/wp-json\/wp\/v2\/pages\/2068"}],"wp:attachment":[{"href":"https:\/\/deltatrans.de\/tr\/wp-json\/wp\/v2\/media?parent=2129"}],"curies":[{"name":"wp","href":"https:\/\/api.w.org\/{rel}","templated":true}]}}