{"id":2121,"date":"2014-10-30T18:26:44","date_gmt":"2014-10-30T17:26:44","guid":{"rendered":"http:\/\/deltatrans.de\/tr\/unternehmen\/geschichte\/"},"modified":"2015-06-24T02:30:56","modified_gmt":"2015-06-24T00:30:56","slug":"geschichte","status":"publish","type":"page","link":"https:\/\/deltatrans.de\/tr\/unternehmen\/geschichte\/","title":{"rendered":"Tarih\u00e7e"},"content":{"rendered":"<div class=\"wpb-content-wrapper\"><p>[vc_row css=&#8221;.vc_custom_1415633168033{margin-bottom: 0px !important;padding-bottom: 0px !important;}&#8221; bg_parallax=&#8221;off&#8221; bg_video=&#8221;off&#8221; bottom_button=&#8221;off&#8221; bottom_button_color=&#8221;#222222&#8243;][vc_column width=&#8221;1\/1&#8243;]<div id=\"ozy-timeline-wrapper_1572\" class=\"ozy-timeline-wrapper\"><h4 class=\"timeline-caption\"><span>GESCHICHTE<\/span><\/h4><ul class=\"timeline\">\n\t\t\t <li class=\"\">\n\t\t\t  <div class=\"timeline-badge\" style=\"color:#ffffff;background-color:#222222\"><i class=\"oic-simple-line-icons-48\"><\/i><\/div>\n\t\t\t  <div class=\"timeline-panel\">\n\t\t\t\t<div class=\"timeline-heading\">\n\t\t\t\t  <h4 class=\"timeline-title\">2014 <\/h4>\n\t\t\t\t<\/div>\n\t\t\t\t<div class=\"timeline-body\"><\/p>\n<p>DIN EN ISO 9001:2008 ba\u011fl\u0131 ba\u015far\u0131 sertifikas\u0131 <\/p>\n<p><\/div>\n\t\t\t  <\/div>\n\t\t\t<\/li>\n\t\t\t <li class=\"timeline-inverted\">\n\t\t\t  <div class=\"timeline-badge\" style=\"color:#ffffff;background-color:#222222\"><i class=\"oic-simple-line-icons-48\"><\/i><\/div>\n\t\t\t  <div class=\"timeline-panel\">\n\t\t\t\t<div class=\"timeline-heading\">\n\t\t\t\t  <h4 class=\"timeline-title\">2012<\/h4>\n\t\t\t\t<\/div>\n\t\t\t\t<div class=\"timeline-body\">\u0130\u015fyerimiz Eisenstrasse, Baunatal' da ki 10.000 m2'lik  yeni tesislerine ge\u00e7ti.<\/div>\n\t\t\t  <\/div>\n\t\t\t<\/li>\n\t\t\t <li class=\"\">\n\t\t\t  <div class=\"timeline-badge\" style=\"color:#ffffff;background-color:#222222\"><i class=\"oic-simple-line-icons-48\"><\/i><\/div>\n\t\t\t  <div class=\"timeline-panel\">\n\t\t\t\t<div class=\"timeline-heading\">\n\t\t\t\t  <h4 class=\"timeline-title\">2012<\/h4>\n\t\t\t\t<\/div>\n\t\t\t\t<div class=\"timeline-body\">Yeni: Deltatrans taraf\u0131ndan uluslararas\u0131 g\u00fcmr\u00fck hizmeti sunulmaya ba\u015flad\u0131.<\/div>\n\t\t\t  <\/div>\n\t\t\t<\/li>\n\t\t\t <li class=\"timeline-inverted\">\n\t\t\t  <div class=\"timeline-badge\" style=\"color:#ffffff;background-color:#222222\"><i class=\"oic-simple-line-icons-48\"><\/i><\/div>\n\t\t\t  <div class=\"timeline-panel\">\n\t\t\t\t<div class=\"timeline-heading\">\n\t\t\t\t  <h4 class=\"timeline-title\">2011<\/h4>\n\t\t\t\t<\/div>\n\t\t\t\t<div class=\"timeline-body\"><\/p>\n<p>DIN EN ISO 9001:2008 uyar\u0131nca kalite y\u00f6netim sisteminin tan\u0131t\u0131m\u0131 yap\u0131lm\u0131\u015ft\u0131r.<\/p>\n<p><\/div>\n\t\t\t  <\/div>\n\t\t\t<\/li>\n\t\t\t <li class=\"\">\n\t\t\t  <div class=\"timeline-badge\" style=\"color:#ffffff;background-color:#222222\"><i class=\"oic-simple-line-icons-48\"><\/i><\/div>\n\t\t\t  <div class=\"timeline-panel\">\n\t\t\t\t<div class=\"timeline-heading\">\n\t\t\t\t  <h4 class=\"timeline-title\">2010<\/h4>\n\t\t\t\t<\/div>\n\t\t\t\t<div class=\"timeline-body\"><\/p>\n<p>Deltatrans Logistics GmbH \u015firketinin yeniden markala\u015fmas\u0131 ger\u00e7ekle\u015fmi\u015ftir.<\/p>\n<p><\/div>\n\t\t\t  <\/div>\n\t\t\t<\/li>\n\t\t\t <li class=\"timeline-inverted\">\n\t\t\t  <div class=\"timeline-badge\" style=\"color:#ffffff;background-color:#222222\"><i class=\"oic-simple-line-icons-48\"><\/i><\/div>\n\t\t\t  <div class=\"timeline-panel\">\n\t\t\t\t<div class=\"timeline-heading\">\n\t\t\t\t  <h4 class=\"timeline-title\">2009<\/h4>\n\t\t\t\t<\/div>\n\t\t\t\t<div class=\"timeline-body\">Deltatrans filosu in\u015fa edilmi\u015ftir.<\/div>\n\t\t\t  <\/div>\n\t\t\t<\/li>\n\t\t\t <li class=\"\">\n\t\t\t  <div class=\"timeline-badge\" style=\"color:#ffffff;background-color:#222222\"><i class=\"oic-simple-line-icons-48\"><\/i><\/div>\n\t\t\t  <div class=\"timeline-panel\">\n\t\t\t\t<div class=\"timeline-heading\">\n\t\t\t\t  <h4 class=\"timeline-title\">2007<\/h4>\n\t\t\t\t<\/div>\n\t\t\t\t<div class=\"timeline-body\"><\/p>\n<p>Deltatrans otomobil end\u00fcstrisi i\u00e7in lojistik hizmetleri konusunda uzmanla\u015fm\u0131\u015ft\u0131r.<\/p>\n<p><\/div>\n\t\t\t  <\/div>\n\t\t\t<\/li>\n\t\t\t <li class=\"timeline-inverted\">\n\t\t\t  <div class=\"timeline-badge\" style=\"color:#ffffff;background-color:#222222\"><i class=\"oic-simple-line-icons-48\"><\/i><\/div>\n\t\t\t  <div class=\"timeline-panel\">\n\t\t\t\t<div class=\"timeline-heading\">\n\t\t\t\t  <h4 class=\"timeline-title\">2006<\/h4>\n\t\t\t\t<\/div>\n\t\t\t\t<div class=\"timeline-body\"><\/p>\n<p>Osman Demirta\u015f y\u00f6netimi devrald\u0131 ve lojistik hizmetleri ile \u015firketin yelpazesini geni\u015fletti.<\/p>\n<p><\/div>\n\t\t\t  <\/div>\n\t\t\t<\/li>\n\t\t\t <li class=\"\">\n\t\t\t  <div class=\"timeline-badge\" style=\"color:#ffffff;background-color:#222222\"><i class=\"oic-simple-line-icons-48\"><\/i><\/div>\n\t\t\t  <div class=\"timeline-panel\">\n\t\t\t\t<div class=\"timeline-heading\">\n\t\t\t\t  <h4 class=\"timeline-title\">2004<\/h4>\n\t\t\t\t<\/div>\n\t\t\t\t<div class=\"timeline-body\"><\/p>\n<p>\u015eirket toplam 5000 metrekare alana sahip arazi sat\u0131n ald\u0131.<\/p>\n<p><\/div>\n\t\t\t  <\/div>\n\t\t\t<\/li>\n\t\t\t <li class=\"timeline-inverted\">\n\t\t\t  <div class=\"timeline-badge\" style=\"color:#ffffff;background-color:#222222\"><i class=\"oic-simple-line-icons-48\"><\/i><\/div>\n\t\t\t  <div class=\"timeline-panel\">\n\t\t\t\t<div class=\"timeline-heading\">\n\t\t\t\t  <h4 class=\"timeline-title\">2001<\/h4>\n\t\t\t\t<\/div>\n\t\t\t\t<div class=\"timeline-body\"><\/p>\n<p>Deltatrans Gbr Cumali Demirta\u015f ve o\u011fullar\u0131 Muharrem, \u00d6mer ve Osman Demirta\u015f taraf\u0131ndan Almanya- Baunatal'da kuruldu.<\/p>\n<p><\/div>\n\t\t\t  <\/div>\n\t\t\t<\/li><\/ul><\/div><div id=\"ozy-timeline-wrapper_3393\" class=\"ozy-timeline-wrapper\"><h4 class=\"timeline-caption\"><span>Deltatrans kurulu\u015fu: 2001<\/span><\/h4><ul class=\"timeline\"><\/ul><\/div>[\/vc_column][\/vc_row]<\/p>\n<\/div>","protected":false},"excerpt":{"rendered":"<p>[vc_row css=&#8221;.vc_custom_1415633168033{margin-bottom: 0px !important;padding-bottom: 0px !important;}&#8221; bg_parallax=&#8221;off&#8221; bg_video=&#8221;off&#8221; bottom_button=&#8221;off&#8221; bottom_button_color=&#8221;#222222&#8243;][vc_column width=&#8221;1\/1&#8243;][\/vc_column][\/vc_row]<\/p>\n","protected":false},"author":2,"featured_media":0,"parent":2068,"menu_order":3,"comment_status":"closed","ping_status":"closed","template":"","meta":{"footnotes":""},"class_list":["post-2121","page","type-page","status-publish","hentry"],"_links":{"self":[{"href":"https:\/\/deltatrans.de\/tr\/wp-json\/wp\/v2\/pages\/2121","targetHints":{"allow":["GET"]}}],"collection":[{"href":"https:\/\/deltatrans.de\/tr\/wp-json\/wp\/v2\/pages"}],"about":[{"href":"https:\/\/deltatrans.de\/tr\/wp-json\/wp\/v2\/types\/page"}],"author":[{"embeddable":true,"href":"https:\/\/deltatrans.de\/tr\/wp-json\/wp\/v2\/users\/2"}],"replies":[{"embeddable":true,"href":"https:\/\/deltatrans.de\/tr\/wp-json\/wp\/v2\/comments?post=2121"}],"version-history":[{"count":0,"href":"https:\/\/deltatrans.de\/tr\/wp-json\/wp\/v2\/pages\/2121\/revisions"}],"up":[{"embeddable":true,"href":"https:\/\/deltatrans.de\/tr\/wp-json\/wp\/v2\/pages\/2068"}],"wp:attachment":[{"href":"https:\/\/deltatrans.de\/tr\/wp-json\/wp\/v2\/media?parent=2121"}],"curies":[{"name":"wp","href":"https:\/\/api.w.org\/{rel}","templated":true}]}}