{"id":2110,"date":"2014-10-27T11:49:25","date_gmt":"2014-10-27T10:49:25","guid":{"rendered":"http:\/\/deltatrans.de\/tr\/unternehmen\/laender\/"},"modified":"2022-07-29T20:18:43","modified_gmt":"2022-07-29T18:18:43","slug":"laender","status":"publish","type":"page","link":"https:\/\/deltatrans.de\/tr\/unternehmen\/laender\/","title":{"rendered":"\u00dclkeler"},"content":{"rendered":"<div class=\"wpb-content-wrapper\"><p>[vc_row bg_parallax=&#8221;off&#8221; css=&#8221;.vc_custom_1434479998703{margin-top: 0px !important;padding-top: 40px !important;}&#8221;][vc_column width=&#8221;2\/3&#8243;][vc_column_text css=&#8221;.vc_custom_1435104903684{margin-top: 0px !important;margin-bottom: 50px !important;padding-top: 0px !important;}&#8221;]<\/p>\n<h3 style=\"text-align: left;\">D\u00dcNYANIN B\u0130R UCUNDAN D\u0130\u011eER UCUNA S\u0130Z\u0130N \u0130\u00c7\u0130N HAREKET HAL\u0130NDEY\u0130Z<\/h3>\n<p style=\"text-align: left;\">Her \u015fey bir \u00e7a\u011fr\u0131n\u0131za bakar.(B\u00fct\u00fcn yapman\u0131z gereken sadece bir \u00e7a\u011fr\u0131d\u0131r) Almanya&#8217;dan T\u00fcrkiye&#8217;ye, Avrupa&#8217;ya ve t\u00fcm yollara kendi ara\u00e7lar\u0131m\u0131zla gidiyoruz.Irak ve Rusya&#8217;ya giden y\u00fckler i\u00e7in T\u00fcrkiye&#8217;de ki partnerlerimizle i\u015fbirli\u011fi i\u00e7erisindeyiz .Deltatrans lojistik uzmanlar\u0131 ile d\u00fcnyan\u0131n her yerinde kara, hava veya deniz yolu ta\u015f\u0131mac\u0131l\u0131klarda antrepo, depolama ve g\u00fcmr\u00fck i\u015flemlerinizi yap\u0131yoruz.<\/p>\n<p>[\/vc_column_text][\/vc_column][vc_column width=&#8221;1\/3&#8243; css=&#8221;.vc_custom_1434826824521{margin-top: 0px !important;}&#8221;][vc_single_image image=&#8221;2116&#8243; img_size=&#8221;full&#8221;][\/vc_column][\/vc_row][vc_row bg_parallax=&#8221;off&#8221;][vc_column]<div class=\"ozy-tlt\" style=\"width:100%;display:inline-block;text-align:center;color:#ee7202;font-weight:500;font-size:26px;line-height:36px\" data-display_time=\"300\" data-in_effect=\"fadeInLeft\" data-in_effect_type=\"sync\" data-out_effect=\"fadeOutRightBig\" data-out_effect_type=\"sync\" data-loop=\"true\"><ul class=\"ozy-tlt-texts\" style=\"display: none\"><li>ALMANYA<\/li><li>AVRUPA<\/li><li>T\u00dcRK\u0130YE<\/li><li>IRAK<\/li><li>IRAN<\/li><li>RUSYA<\/li><li>G\u00dcRC\u0130STAN<\/li><li>AZERBAYCAN<\/li><li>T\u00dcRKMEN\u0130STAN<\/li><li>KAZAK\u0130STAN<\/li><\/ul><\/div>[\/vc_column][\/vc_row][vc_row row_fullwidth=&#8221;1&#8243; row_zero_column_space=&#8221;1&#8243; bg_parallax=&#8221;off&#8221; css=&#8221;.vc_custom_1434492991710{margin-top: 0px !important;margin-right: 0px !important;margin-bottom: 0px !important;margin-left: 0px !important;padding-top: 0px !important;padding-right: 0px !important;padding-bottom: 0px !important;padding-left: 0px !important;}&#8221;][vc_column]<div class=\"ozy-multi-google-map\" \n\t\t\tdata-path=\"map_data_7536\" \n\t\t\tdata-zoom=\"14\" \n\t\t\tdata-hue=\"#1e73be\" \n\t\t\tdata-saturation=\"-30\" \n\t\t\tdata-lightness=\"0\" style=\"height:350px\"><\/div>[\/vc_column][\/vc_row]<\/p>\n<\/div>","protected":false},"excerpt":{"rendered":"<p>[vc_row bg_parallax=&#8221;off&#8221; css=&#8221;.vc_custom_1434479998703{margin-top: 0px !important;padding-top: 40px !important;}&#8221;][vc_column width=&#8221;2\/3&#8243;][vc_column_text css=&#8221;.vc_custom_1435104903684{margin-top: 0px !important;margin-bottom: 50px !important;padding-top: 0px !important;}&#8221;] D\u00dcNYANIN B\u0130R UCUNDAN D\u0130\u011eER UCUNA S\u0130Z\u0130N \u0130\u00c7\u0130N HAREKET HAL\u0130NDEY\u0130Z Her \u015fey bir \u00e7a\u011fr\u0131n\u0131za bakar.(B\u00fct\u00fcn yapman\u0131z [&hellip;]<\/p>\n","protected":false},"author":2,"featured_media":0,"parent":2068,"menu_order":2,"comment_status":"closed","ping_status":"closed","template":"","meta":{"footnotes":""},"class_list":["post-2110","page","type-page","status-publish","hentry"],"_links":{"self":[{"href":"https:\/\/deltatrans.de\/tr\/wp-json\/wp\/v2\/pages\/2110","targetHints":{"allow":["GET"]}}],"collection":[{"href":"https:\/\/deltatrans.de\/tr\/wp-json\/wp\/v2\/pages"}],"about":[{"href":"https:\/\/deltatrans.de\/tr\/wp-json\/wp\/v2\/types\/page"}],"author":[{"embeddable":true,"href":"https:\/\/deltatrans.de\/tr\/wp-json\/wp\/v2\/users\/2"}],"replies":[{"embeddable":true,"href":"https:\/\/deltatrans.de\/tr\/wp-json\/wp\/v2\/comments?post=2110"}],"version-history":[{"count":0,"href":"https:\/\/deltatrans.de\/tr\/wp-json\/wp\/v2\/pages\/2110\/revisions"}],"up":[{"embeddable":true,"href":"https:\/\/deltatrans.de\/tr\/wp-json\/wp\/v2\/pages\/2068"}],"wp:attachment":[{"href":"https:\/\/deltatrans.de\/tr\/wp-json\/wp\/v2\/media?parent=2110"}],"curies":[{"name":"wp","href":"https:\/\/api.w.org\/{rel}","templated":true}]}}