{"id":2044,"date":"2014-11-11T19:17:24","date_gmt":"2014-11-11T18:17:24","guid":{"rendered":"http:\/\/deltatrans.de\/tr\/startseite\/"},"modified":"2017-12-02T19:22:48","modified_gmt":"2017-12-02T18:22:48","slug":"startseite","status":"publish","type":"page","link":"https:\/\/deltatrans.de\/tr\/","title":{"rendered":"ANASAYFA"},"content":{"rendered":"<div class=\"wpb-content-wrapper\"><p>[vc_row full_width=&#8221;stretch_row_content&#8221; row_fullwidth=&#8221;1&#8243; bg_parallax=&#8221;on&#8221; font_color=&#8221;#ffffff&#8221; css=&#8221;.vc_custom_1434901503435{margin-top: 0px !important;margin-bottom: 0px !important;border-bottom-width: 0px !important;padding-top: 60px !important;padding-bottom: 120px !important;background-image: url(https:\/\/deltatrans.de\/wp-content\/uploads\/2014\/11\/worldmap_kend1.png?id=1947) !important;}&#8221; el_id=&#8221;section01&#8243;][vc_column][vc_row_inner css=&#8221;.vc_custom_1434901621779{margin-bottom: 50px !important;}&#8221;][vc_column_inner width=&#8221;1\/3&#8243;]<div class=\"ozy-simlple-info-box \" id=\"simple-info-box-9037\"  style=\"background:url(https:\/\/deltatrans.de\/wp-content\/uploads\/2014\/11\/klei1.jpg)\"><section><h5>HIZLI<\/h5><h2>Karayollar\u0131 Ta\u015f\u0131mac\u0131l\u0131\u011f\u0131<\/h2><p>Ta\u015f\u0131mac\u0131l\u0131\u011f\u0131n %85'ten fazlas\u0131 karayolu ile yap\u0131l\u0131yor.Biz de Deltatrans olarak sizin i\u00e7in ta\u015f\u0131yoruz. Hizl\u0131, g\u00fcvenilir ve m\u00fc\u015fteri odakl\u0131.<\/p><a href=\"\/tr\/transport\/landtransport\/\" target=\"_self\">DAHA FAZLASI ...<\/a>\n<\/section>\n<\/div>[\/vc_column_inner][vc_column_inner width=&#8221;1\/3&#8243;]<div class=\"ozy-simlple-info-box \" id=\"simple-info-box-9692\"  style=\"background:url(https:\/\/deltatrans.de\/wp-content\/uploads\/2014\/11\/klei2.jpg)\"><section><h5>K\u00dcRESEL<\/h5><h2>Havayollar\u0131 Ta\u015f\u0131mac\u0131l\u0131\u011f\u0131<\/h2><p>Havayolu ta\u015f\u0131mac\u0131l\u0131\u011f\u0131 hizmetimiz ile yapt\u0131\u011f\u0131n\u0131z g\u00f6nderimleri do\u011fru ve g\u00fcvenilir bir \u015fekilde adresine ula\u015ft\u0131r\u0131yoruz.<\/p><a href=\"\/tr\/transport\/luftfracht-und-seefracht\/\" target=\"_self\">DAHA FAZLASI ...<\/a>\n<\/section>\n<\/div>[\/vc_column_inner][vc_column_inner width=&#8221;1\/3&#8243;]<div class=\"ozy-simlple-info-box \" id=\"simple-info-box-8224\"  style=\"background:url(https:\/\/deltatrans.de\/wp-content\/uploads\/2014\/11\/124765441_21.jpg)\"><section><h5>M\u00dc\u015eTER\u0130 ODAKLI<\/h5><h2>Denizyollar\u0131 Ta\u015f\u0131mac\u0131l\u0131\u011f\u0131<\/h2><p>Deltatrans Lojistik \u00f6zellikle T\u00fcrkiye, \u0130skandinavya \u00fclkeleri, Balt\u0131k \u00fclkeleri ve Rusya b\u00f6lgelerinde deneyimli bir distrib\u00fct\u00f6r\u00fcd\u00fcr.<\/p><a href=\"\/tr\/transport\/luftfracht-und-seefracht\/\" target=\"_self\">DAHA FAZLASI ...<\/a>\n<\/section>\n<\/div>[\/vc_column_inner][\/vc_row_inner]<h2 class=\"ozy-divider-cap-center wpb_content_element\">H\u0130ZMETLER<\/h2><div class=\"ozy-content-divider \" style=\"border-top-style:solid;border-top-width:2px;border-top-color:#34ccff;width:40px;max-width:40px;margin:20px auto;\"><\/div>[vc_row_inner el_id=&#8221;section02&#8243;][vc_column_inner width=&#8221;1\/2&#8243;]<div id=\"tile-with-icon_icon7667\" class=\"title-with-icon-wrapper clear xxlarge \" data-color=\"\"><div class=\"wpb_content_element title-with-icon clearfix margin-bottom-0 \"><span  style=\"color:#34ccff !important;background-color: !important;\" class=\"oic-flaticon2-cargo3 clear xxlarge \" ><\/span><h3 class=\"content-color\" style=\"\">Emniyetli ve g\u00fcvenilir Ta\u015f\u0131mac\u0131l\u0131k<\/h3><\/div><div class=\"wpb_content_element left-cs title-with-icon-content xxlarge clearfix\" style=\"\"><span style=\"color: #888fa1;\">Herhangi bir hedef, her y\u00fck: Filomuzun g\u00fcc\u00fcn\u00fc ke\u015ffedin.<\/span><\/div><\/div><div id=\"tile-with-icon_icon2439\" class=\"title-with-icon-wrapper clear xxlarge \" data-color=\"\"><div class=\"wpb_content_element title-with-icon clearfix margin-bottom-0 \"><span  style=\"color:#34ccff !important;background-color: !important;\" class=\"oic-flaticon1-storage17 clear xxlarge \" ><\/span><h3 class=\"content-color\" style=\"\">Depolama ve Ambalajlama<\/h3><\/div><div class=\"wpb_content_element left-cs title-with-icon-content xxlarge clearfix\" style=\"\"><span style=\"color: #888fa1;\">Cross-Docking: Zaman\u0131 h\u0131zl\u0131 kullanarak h\u0131zl\u0131 bir operasyon garantisi veriyoruz.<\/span><\/div><\/div>[\/vc_column_inner][vc_column_inner width=&#8221;1\/2&#8243;]<div id=\"tile-with-icon_icon6001\" class=\"title-with-icon-wrapper clear xxlarge \" data-color=\"\"><div class=\"wpb_content_element title-with-icon clearfix margin-bottom-0 \"><span  style=\"color:#34ccff !important;background-color: !important;\" class=\"oic-flaticon1-logistics4 clear xxlarge \" ><\/span><h3 class=\"content-color\" style=\"\">Lojistik Sistemi<\/h3><\/div><div class=\"wpb_content_element left-cs title-with-icon-content xxlarge clearfix\" style=\"\"><span style=\"color: #888fa1;\">Bir 3PL (\u00fc\u00e7\u00fcnc\u00fc parti lojistik) sa\u011flay\u0131c\u0131s\u0131 olarak, lojistik sisteminde en iyi sonucu al\u0131yoruz.<\/span><\/div><\/div><div id=\"tile-with-icon_icon7182\" class=\"title-with-icon-wrapper clear xxlarge \" data-color=\"\"><div class=\"wpb_content_element title-with-icon clearfix margin-bottom-0 \"><span  style=\"color:#34ccff !important;background-color: !important;\" class=\"oic-flaticon2-hanging3 clear xxlarge \" ><\/span><h3 class=\"content-color\" style=\"\">G\u00f6nderi Takip Sistemi<\/h3><\/div><div class=\"wpb_content_element left-cs title-with-icon-content xxlarge clearfix\" style=\"\"><span style=\"color: #888fa1;\">Daima g\u00fcvenli ta\u015f\u0131mac\u0131l\u0131k: T\u00fcm ara\u00e7lar\u0131m\u0131z, seyahat boyunca y\u00fcklerinizin g\u00fcvenli \u015fekilde ula\u015ft\u0131r\u0131lmas\u0131n\u0131 takip etmek ad\u0131na bilgisayar ve uydu haberle\u015fme ekipman\u0131yla donat\u0131lm\u0131\u015ft\u0131r. <\/span><\/div><\/div>[\/vc_column_inner][\/vc_row_inner][\/vc_column][\/vc_row][vc_row full_width=&#8221;stretch_row_content&#8221; parallax=&#8221;content-moving&#8221; parallax_image=&#8221;1799&#8243; row_fullwidth=&#8221;1&#8243; row_vertical_center=&#8221;1&#8243; bg_parallax=&#8221;on&#8221; css=&#8221;.vc_custom_1434872603586{margin-top: 0px !important;margin-right: 0px !important;margin-bottom: 0px !important;margin-left: 0px !important;border-top-width: 0px !important;border-right-width: 0px !important;border-bottom-width: 0px !important;border-left-width: 0px !important;padding-top: 100px !important;padding-right: 20px !important;padding-bottom: 100px !important;padding-left: 20px !important;}&#8221;][vc_column width=&#8221;1\/4&#8243;]<a href=\"\/tr\/unternehmen\/\" target=\"_self\" class=\"ozy-colored-content-box \" id=\"fancybox-3732\">\n<img decoding=\"async\" src=\"https:\/\/deltatrans.de\/wp-content\/uploads\/2014\/11\/unternehmen-e1435128815589.jpg\" alt=\"\u015e\u0130RKET\u0130M\u0130Z\"\/><section class=\"overlay\"><span class=\"caption heading-font\">\u015e\u0130RKET\u0130M\u0130Z<\/span><span class=\"tag\">DAHA FAZLASI ...<\/span><\/section><section class=\"overlay-two\"><h3 class=\"ozy-vertical-centered-element\">\u015e\u0130RKET\u0130M\u0130Z<\/h3><\/section>\n<\/a>[\/vc_column][vc_column width=&#8221;1\/4&#8243;]<a href=\"\/tr\/transport\/\" target=\"_self\" class=\"ozy-colored-content-box \" id=\"fancybox-9197\">\n<img decoding=\"async\" src=\"https:\/\/deltatrans.de\/wp-content\/uploads\/2014\/11\/transport-e1435128862851.jpg\" alt=\"TA\u015eIMACILIK\"\/><section class=\"overlay\"><span class=\"caption heading-font\">TA\u015eIMACILIK<\/span><span class=\"tag\">DAHA FAZLASI ...<\/span><\/section><section class=\"overlay-two\"><h3 class=\"ozy-vertical-centered-element\">TA\u015eIMACILIK<\/h3><\/section>\n<\/a>[\/vc_column][vc_column width=&#8221;1\/4&#8243;]<a href=\"\/tr\/logistik\/\" target=\"_self\" class=\"ozy-colored-content-box \" id=\"fancybox-2105\">\n<img decoding=\"async\" src=\"https:\/\/deltatrans.de\/wp-content\/uploads\/2014\/11\/logistik-e1435128921629.jpg\" alt=\"LOJ\u0130ST\u0130K\"\/><section class=\"overlay\"><span class=\"caption heading-font\">LOJ\u0130ST\u0130K<\/span><span class=\"tag\">DAHA FAZLASI ...<\/span><\/section><section class=\"overlay-two\"><h3 class=\"ozy-vertical-centered-element\">LOJ\u0130ST\u0130K<\/h3><\/section>\n<\/a>[\/vc_column][vc_column width=&#8221;1\/4&#8243;]<a href=\"\/tr\/service\/\" target=\"_self\" class=\"ozy-colored-content-box \" id=\"fancybox-7512\">\n<img decoding=\"async\" src=\"https:\/\/deltatrans.de\/wp-content\/uploads\/2014\/11\/service-e1435128965954.jpg\" alt=\"H\u0130ZMETLER\u0130M\u0130Z\"\/><section class=\"overlay\"><span class=\"caption heading-font\">H\u0130ZMETLER\u0130M\u0130Z<\/span><span class=\"tag\">DAHA FAZLASI ...<\/span><\/section><section class=\"overlay-two\"><h3 class=\"ozy-vertical-centered-element\">H\u0130ZMETLER\u0130M\u0130Z<\/h3><\/section>\n<\/a>[\/vc_column][\/vc_row]<\/p>\n<\/div>","protected":false},"excerpt":{"rendered":"<p>[vc_row full_width=&#8221;stretch_row_content&#8221; row_fullwidth=&#8221;1&#8243; bg_parallax=&#8221;on&#8221; font_color=&#8221;#ffffff&#8221; css=&#8221;.vc_custom_1434901503435{margin-top: 0px !important;margin-bottom: 0px !important;border-bottom-width: 0px !important;padding-top: 60px !important;padding-bottom: 120px !important;background-image: url(https:\/\/deltatrans.de\/wp-content\/uploads\/2014\/11\/worldmap_kend1.png?id=1947) !important;}&#8221; el_id=&#8221;section01&#8243;][vc_column][vc_row_inner css=&#8221;.vc_custom_1434901621779{margin-bottom: 50px !important;}&#8221;][vc_column_inner width=&#8221;1\/3&#8243;][\/vc_column_inner][vc_column_inner width=&#8221;1\/3&#8243;][\/vc_column_inner][vc_column_inner width=&#8221;1\/3&#8243;][\/vc_column_inner][\/vc_row_inner][vc_row_inner el_id=&#8221;section02&#8243;][vc_column_inner width=&#8221;1\/2&#8243;][\/vc_column_inner][vc_column_inner width=&#8221;1\/2&#8243;][\/vc_column_inner][\/vc_row_inner][\/vc_column][\/vc_row][vc_row full_width=&#8221;stretch_row_content&#8221; parallax=&#8221;content-moving&#8221; [&hellip;]<\/p>\n","protected":false},"author":1,"featured_media":0,"parent":0,"menu_order":0,"comment_status":"closed","ping_status":"closed","template":"","meta":{"footnotes":""},"class_list":["post-2044","page","type-page","status-publish","hentry"],"_links":{"self":[{"href":"https:\/\/deltatrans.de\/tr\/wp-json\/wp\/v2\/pages\/2044","targetHints":{"allow":["GET"]}}],"collection":[{"href":"https:\/\/deltatrans.de\/tr\/wp-json\/wp\/v2\/pages"}],"about":[{"href":"https:\/\/deltatrans.de\/tr\/wp-json\/wp\/v2\/types\/page"}],"author":[{"embeddable":true,"href":"https:\/\/deltatrans.de\/tr\/wp-json\/wp\/v2\/users\/1"}],"replies":[{"embeddable":true,"href":"https:\/\/deltatrans.de\/tr\/wp-json\/wp\/v2\/comments?post=2044"}],"version-history":[{"count":0,"href":"https:\/\/deltatrans.de\/tr\/wp-json\/wp\/v2\/pages\/2044\/revisions"}],"wp:attachment":[{"href":"https:\/\/deltatrans.de\/tr\/wp-json\/wp\/v2\/media?parent=2044"}],"curies":[{"name":"wp","href":"https:\/\/api.w.org\/{rel}","templated":true}]}}